{"id":3860,"date":"2021-04-28T08:29:11","date_gmt":"2021-04-28T06:29:11","guid":{"rendered":"https:\/\/masgrau.net\/avis-legal\/"},"modified":"2021-07-28T15:55:14","modified_gmt":"2021-07-28T13:55:14","slug":"aviso-legal","status":"publish","type":"page","link":"https:\/\/masgrau.net\/es\/aviso-legal\/","title":{"rendered":"Aviso legal"},"content":{"rendered":"<section class=\"l-section wpb_row height_large\"><div class=\"l-section-h i-cf\"><div class=\"g-cols vc_row via_flex valign_top type_default stacking_default\"><div class=\"vc_col-sm-4 wpb_column vc_column_container\"><div class=\"vc_column-inner type_sticky\"><div class=\"wpb_wrapper\">[vc_custom_heading text=\u00bbAviso legal\u00bb font_container=\u00bbtag:h1|text_align:left\u00bb use_theme_fonts=\u00bbyes\u00bb el_class=\u00bbbv-page-title-big\u00bb]<\/div><\/div><\/div><div class=\"vc_col-sm-8 wpb_column vc_column_container\"><div class=\"vc_column-inner\"><div class=\"wpb_wrapper\"><div class=\"w-separator size_custom\" style=\"height:1rem\"><\/div><div class=\"wpb_text_column\"><div class=\"wpb_wrapper\"><h6>Identificaci\u00f3 i utilitat<\/h6>\n<p>En compliment de l&#8217;article 10 de la Llei 34\/2002, de 11 de juliol, de Serveis de la Societat de la Informaci\u00f3 i Comer\u00e7 Electr\u00f2nic, el Titular exposa les seves dades identificatives.<\/p>\n<p>Titular: Miquel Masgrau Bartis<br \/>\nNIF: 37240316G<br \/>\nDomicili: C. C\u00f2rsega 302, 2n 2a &#8211; 08008 Barcelona<br \/>\nCorreu electr\u00f2nic: <a href=\"mailto:privadesa@masgrau.net\" target=\"_blank\" rel=\"noopener\">privadesa@masgrau.net<\/a><br \/>\nLloc Web: <a href=\"https:\/\/masgrau.net\/es\/\">masgrau.net<\/a><\/p>\n<h6>Finalitat<\/h6>\n<p>La finalitat del lloc web <a href=\"https:\/\/masgrau.net\/es\/\">masgrau.net<\/a> \u00e9s mostrar el treball del seu autor i la divulgaci\u00f3 tecnol\u00f2gica des de diferents mitjans.<\/p>\n<h6>Condicions d&#8217;\u00fas<\/h6>\n<p>La utilitzaci\u00f3 del lloc web li atorga la condici\u00f3 d&#8217;Usuari, i implica l&#8217;acceptaci\u00f3 completa de totes les cl\u00e0usules i condicions d&#8217;\u00fas incloses en les p\u00e0gines:<\/p>\n<ul>\n<li>Av\u00eds legal<\/li>\n<li><a href=\"https:\/\/masgrau.net\/es\/politica-de-privadesa\/\">Pol\u00edtica de Privadesa<\/a><\/li>\n<li><a href=\"https:\/\/masgrau.net\/es\/politica-de-cookies\/\">Pol\u00edtica de Cookies<\/a><\/li>\n<\/ul>\n<p>Si no est\u00e0 d&#8217;acord amb totes i cadascuna d&#8217;aquestes cl\u00e0usules i condicions s&#8217;abstingui d&#8217;utilitzar aquest lloc web.<br \/>\nL&#8217;acc\u00e9s a aquest lloc web no suposa, de cap manera, l&#8217;inici d&#8217;una relaci\u00f3 comercial amb el Titular.<br \/>\nA trav\u00e9s d&#8217;aquest lloc web, el Titular li facilita l&#8217;acc\u00e9s i la utilitzaci\u00f3 de diversos continguts que el Titular o els seus col\u00b7laboradors han publicat per mitj\u00e0 d&#8217;internet.<br \/>\nA aquest efecte, vost\u00e8 est\u00e0 obligat i comprom\u00e8s a NO utilitzar qualsevol dels continguts del lloc web amb fins o efectes il\u00b7l\u00edcits, prohibits en aquest Av\u00eds legal o per la legislaci\u00f3 vigent, lesius dels drets i interessos de tercers, o que de qualsevol forma puguin danyar, inutilitzar, sobrecarregar, deteriorar o impedir la normal utilitzaci\u00f3 dels continguts, els equips inform\u00e0tics o els documents, arxius i tota classe de continguts emmagatzemats en qualsevol equip inform\u00e0tic propis o contractats pel Titular, d&#8217;altres usuaris o de qualsevol usuari d&#8217;internet.<\/p>\n<h6>Mesures de seguretat<\/h6>\n<p>Les dades personals que faciliti al Titular poden ser emmagatzemats en bases de dades automatitzades o no, la titularitat correspon en exclusiva a la persona Titular, que assumeix totes les mesures d&#8217;\u00edndole t\u00e8cnica, organitzativa i de seguretat que garanteixen la confidencialitat, integritat i qualitat de la informaci\u00f3 continguda en les mateixes d&#8217;acord amb el que estableix la normativa vigent en protecci\u00f3 de dades.<br \/>\nNo obstant aix\u00f2, ha de ser conscient que les mesures de seguretat dels sistemes inform\u00e0tics a internet no s\u00f3n absolutament fiables i que, per tant, el Titular no pot garantir la inexist\u00e8ncia de virus o altres elements que puguin produir alteracions en els sistemes inform\u00e0tics (programari i maquinari) de l&#8217;Usuari o en els seus documents electr\u00f2nics i fitxers continguts en els mateixos tot i que el Titular posa tots els mitjans necessaris i pren les mesures de seguretat oportunes per evitar la pres\u00e8ncia d&#8217;aquests elements nocius.<\/p>\n<h6>Dades personals<\/h6>\n<p>Pot consultar tota la informaci\u00f3 relativa al tractament de dades personals que recull el Titular a la p\u00e0gina de la <a href=\"https:\/\/masgrau.net\/es\/politica-de-privadesa\/\">Pol\u00edtica de Privadesa<\/a>.<\/p>\n<h6>Continguts<\/h6>\n<p>El Titular ha obtingut la informaci\u00f3, el contingut multim\u00e8dia i els materials inclosos al lloc web de fonts que considera fiables, per\u00f2, si b\u00e9 ha pres totes les mesures raonables per assegurar que la informaci\u00f3 continguda \u00e9s correcta, el Titular no garanteix que sigui exacta, completa o actualitzada.<br \/>\nEl Titular declina expressament qualsevol responsabilitat per error o omissi\u00f3 en la informaci\u00f3 continguda en les p\u00e0gines d&#8217;aquest lloc Web.<br \/>\nQueda prohibit transmetre o enviar a trav\u00e9s del lloc Web qualsevol contingut il\u00b7legal o il\u00b7l\u00edcit, virus inform\u00e0tics, o missatges que, en general, afectin o violin drets del Titular o de tercers.<br \/>\nEls continguts del lloc Web tenen \u00fanicament una finalitat informativa i sota cap circumst\u00e0ncia s&#8217;han d&#8217;usar ni considerar com a oferta de venda, sol\u00b7licitud d&#8217;una oferta de compra ni recomanaci\u00f3 per a fer qualsevol altra operaci\u00f3, llevat que aix\u00ed s&#8217;indiqui expressament.<br \/>\nEl Titular es reserva el dret a modificar, suspendre, cancel\u00b7lar o restringir el contingut del lloc Web, els vincles o la informaci\u00f3 obtinguda a trav\u00e9s del lloc Web, sense necessitat de previ av\u00eds.<br \/>\nEl Titular no \u00e9s responsable dels danys i perjudicis que es puguin derivar de la utilitzaci\u00f3 de la informaci\u00f3 del lloc web o de la continguda en les xarxes socials del Titular.<\/p>\n<h6>Pol\u00edtica de Cookies<\/h6>\n<p>A la p\u00e0gina <a href=\"https:\/\/masgrau.net\/es\/politica-de-cookies\/\">Pol\u00edtica de Cookies<\/a> podeu consultar tota la informaci\u00f3 relativa a la pol\u00edtica de recollida i tractament de les cookies.<br \/>\nEl Titular nom\u00e9s obt\u00e9 i conserva la seg\u00fcent informaci\u00f3 sobre els visitants del lloc Web:<\/p>\n<ul>\n<li>El nom de domini del prove\u00efdor (PSI) i\/o l&#8217;adre\u00e7a IP que els d\u00f3na acc\u00e9s a la xarxa.<\/li>\n<li>La data i hora d&#8217;acc\u00e9s al lloc Web.<\/li>\n<li>L&#8217;adre\u00e7a origen de l&#8217;enlla\u00e7 que dirigeix \u200b\u200bal lloc Web.<\/li>\n<li>El nombre de visitants diaris de cada secci\u00f3.<\/li>\n<li>La informaci\u00f3 obtinguda \u00e9s totalment an\u00f2nima, i en cap cas pot ser associada a un Usuari concret i identificat.<\/li>\n<\/ul>\n<h6>Enlla\u00e7os d&#8217;inter\u00e8s a altres llocs web<\/h6>\n<p>El Titular pot proporcionar acc\u00e9s a llocs Web de tercers mitjan\u00e7ant enlla\u00e7os amb la finalitat d&#8217;informar sobre l&#8217;exist\u00e8ncia d&#8217;altres fonts d&#8217;informaci\u00f3 a internet en qu\u00e8 podr\u00e0 ampliar les dades ofertes en el lloc Web.<br \/>\nAquests enlla\u00e7os a altres llocs Web no suposen en cap cas un suggeriment o recomanaci\u00f3 perqu\u00e8 vost\u00e8 visiti les p\u00e0gines web de destinaci\u00f3, que estan fora de control de la persona Titular, per la qual cosa Titular no \u00e9s responsable del contingut dels llocs Web vinculats ni del resultat que obtingui en seguir els enlla\u00e7os.<br \/>\nAix\u00ed mateix, el Titular no respon dels links o enlla\u00e7os ubicats en els llocs Web vinculats als quals li proporciona acc\u00e9s.<br \/>\nL&#8217;establiment de l&#8217;enlla\u00e7 no implica en cap cas l&#8217;exist\u00e8ncia de relacions entre Titular i el propietari del lloc en qu\u00e8 s&#8217;estableixi l&#8217;enlla\u00e7, ni l&#8217;acceptaci\u00f3 o aprovaci\u00f3 per part del Titular dels seus continguts o serveis.<br \/>\nSi accedeix a un lloc Web extern des d&#8217;un enlla\u00e7 que trobi en el lloc Web, vost\u00e8 haur\u00e0 de llegir la pol\u00edtica de privacitat de l&#8217;altre lloc Web, i pot ser diferent del d&#8217;aquest lloc Web.<\/p>\n<h6>Propietat intel\u00b7lectual i industrial<\/h6>\n<p>La p\u00e0gina web est\u00e0 registrada sota una llic\u00e8ncia de Creative Commons Reconeixement-NoComercial-CompartirIgual 3.0 Espanya (<a href=\"https:\/\/creativecommons.org\/licenses\/by-nc-sa\/3.0\/es\/deed.ca\" target=\"_blank\" rel=\"noopener noreferrer\">CC BY-NC-SA 3.0 ES<\/a>).<\/p>\n<p>L&#8217;acc\u00e9s a aquest lloc Web permet compartir, remesclar, transformar i crear a partir del material.<\/p>\n<p>Amb els termes seg\u00fcents:<\/p>\n<ul>\n<li>Reconeixement: Heu de recon\u00e8ixer l&#8217;autoria de manera apropiada, proporcionar un enlla\u00e7 a la llic\u00e8ncia i indicar si heu fet algun canvi. Podeu fer-ho de qualsevol manera raonable, per\u00f2 no d&#8217;una manera que suggereixi que el llicenciador us d\u00f3na suport o patrocina l&#8217;\u00fas que en feu.<\/li>\n<li>No Comercial: No podeu utilitzar el material per a finalitats comercials.<\/li>\n<li>Compartir Igual: Si remescleu, transformeu o creeu a partir del material, heu de difondre les vostres creacions amb la mateixa llic\u00e8ncia que l&#8217;obra original.<\/li>\n<\/ul>\n<h6>Limitaci\u00f3 de responsabilitat<\/h6>\n<p>La informaci\u00f3 i serveis inclosos o disponibles a trav\u00e9s d&#8217;aquest lloc Web poden incloure incorreccions o errors tipogr\u00e0fics. De forma peri\u00f2dica el Titular incorpora millores i\/o canvis a la informaci\u00f3 continguda i\/o els Serveis que pot introduir en qualsevol moment.<br \/>\nEl Titular no declara ni garanteix que els serveis o continguts siguin interromputs o que estiguin lliures d&#8217;errors, que els defectes siguin corregits, o que el servei o el servidor que ho posa a disposici\u00f3 estiguin lliures de virus o altres components nocius sense perjudici que el Titular realitza tots els esfor\u00e7os a evitar aquest tipus d&#8217;incidents.<br \/>\nEl Titular declina qualsevol responsabilitat en cas que existeixin interrupcions o un mal funcionament dels Serveis o continguts oferts a internet, qualsevol que sigui la causa. Aix\u00ed mateix, el titular no es fa responsable per caigudes de la xarxa, p\u00e8rdues de negoci a conseq\u00fc\u00e8ncia d&#8217;aquestes caigudes, suspensions temporals de fluid el\u00e8ctric o qualsevol altre tipus de dany indirecte que et pugui ser causat per causes alienes al Titular.<br \/>\nAbans de prendre decisions i\/o accions amb base a la informaci\u00f3 inclosa en el lloc Web, el titular li recomana comprovar i contrastar la informaci\u00f3 rebuda amb altres fonts.<\/p>\n<h6>Jurisdicci\u00f3<\/h6>\n<p>Aquest Av\u00eds legal es regeix \u00edntegrament per la legislaci\u00f3 espanyola.<br \/>\nSempre que no hi hagi una norma que obligui a una altra cosa, per a quantes q\u00fcestions se suscitin sobre la interpretaci\u00f3, aplicaci\u00f3 i compliment d&#8217;aquest Av\u00eds legal, aix\u00ed com de les reclamacions que puguin derivar-se del seu \u00fas, les parts acorden sotmetre als jutges i tribunals de Barcelona, \u200b\u200bamb ren\u00fancia expressa de qualsevol altra jurisdicci\u00f3 que els pogu\u00e9s correspondre.<\/p>\n<h6>Contacte<\/h6>\n<p>En cas que vost\u00e8 tingui qualsevol dubte sobre aquest Av\u00eds legal o vulgui fer qualsevol comentari sobre aquest lloc Web, pot enviar un missatge de correu electr\u00f2nic a l&#8217;adre\u00e7a <a href=\"mailto:privadesa@masgrau.net\" target=\"_blank\" rel=\"noopener\">privadesa@masgrau.net<\/a>.<\/p>\n<\/div><\/div><\/div><\/div><\/div><\/div><\/div><\/section>\n","protected":false},"excerpt":{"rendered":"[vc_custom_heading text=\"Aviso legal\" font_container=\"tag:h1|text_align:left\" use_theme_fonts=\"yes\" el_class=\"bv-page-title-big\"]Identificaci\u00f3 i utilitat En compliment de l&#8217;article 10 de la Llei 34\/2002, de 11 de juliol, de Serveis de la Societat de la Informaci\u00f3 i Comer\u00e7 Electr\u00f2nic, el Titular exposa les seves dades identificatives. Titular: Miquel Masgrau Bartis NIF: 37240316G Domicili: C. C\u00f2rsega 302, 2n 2a &#8211; 08008 Barcelona Correu...","protected":false},"author":1,"featured_media":3493,"parent":0,"menu_order":70,"comment_status":"closed","ping_status":"closed","template":"","meta":{"_acf_changed":false,"inline_featured_image":false,"footnotes":""},"class_list":["post-3860","page","type-page","status-publish","has-post-thumbnail","hentry"],"acf":[],"_links":{"self":[{"href":"https:\/\/masgrau.net\/es\/wp-json\/wp\/v2\/pages\/3860","targetHints":{"allow":["GET"]}}],"collection":[{"href":"https:\/\/masgrau.net\/es\/wp-json\/wp\/v2\/pages"}],"about":[{"href":"https:\/\/masgrau.net\/es\/wp-json\/wp\/v2\/types\/page"}],"author":[{"embeddable":true,"href":"https:\/\/masgrau.net\/es\/wp-json\/wp\/v2\/users\/1"}],"replies":[{"embeddable":true,"href":"https:\/\/masgrau.net\/es\/wp-json\/wp\/v2\/comments?post=3860"}],"version-history":[{"count":14,"href":"https:\/\/masgrau.net\/es\/wp-json\/wp\/v2\/pages\/3860\/revisions"}],"predecessor-version":[{"id":4414,"href":"https:\/\/masgrau.net\/es\/wp-json\/wp\/v2\/pages\/3860\/revisions\/4414"}],"wp:featuredmedia":[{"embeddable":true,"href":"https:\/\/masgrau.net\/es\/wp-json\/wp\/v2\/media\/3493"}],"wp:attachment":[{"href":"https:\/\/masgrau.net\/es\/wp-json\/wp\/v2\/media?parent=3860"}],"curies":[{"name":"wp","href":"https:\/\/api.w.org\/{rel}","templated":true}]}}