{"id":3862,"date":"2021-04-28T08:33:10","date_gmt":"2021-04-28T08:33:10","guid":{"rendered":"https:\/\/masgrau.net\/politica-de-cookies\/"},"modified":"2021-07-07T20:18:09","modified_gmt":"2021-07-07T20:18:09","slug":"politica-de-cookies","status":"publish","type":"page","link":"https:\/\/masgrau.net\/es\/politica-de-cookies\/","title":{"rendered":"Pol\u00edtica de cookies"},"content":{"rendered":"<section class=\"l-section wpb_row height_large\"><div class=\"l-section-h i-cf\"><div class=\"g-cols vc_row via_flex valign_top type_default stacking_default\"><div class=\"vc_col-sm-4 wpb_column vc_column_container\"><div class=\"vc_column-inner type_sticky\"><div class=\"wpb_wrapper\">[vc_custom_heading text=\u00bbPol\u00edtica de cookies\u00bb font_container=\u00bbtag:h1|text_align:left\u00bb use_theme_fonts=\u00bbyes\u00bb el_class=\u00bbbv-page-title-big\u00bb]<\/div><\/div><\/div><div class=\"vc_col-sm-8 wpb_column vc_column_container\"><div class=\"vc_column-inner\"><div class=\"wpb_wrapper\"><div class=\"w-separator size_custom\" style=\"height:1rem\"><\/div><div class=\"wpb_text_column\"><div class=\"wpb_wrapper\"><p>En compliment amb el qual disposa l&#8217;article 22.2 de la Llei 34\/2002, d&#8217;11 de juliol, de Serveis de la Societat de la Informaci\u00f3 i de Comer\u00e7 Electr\u00f2nic, aquesta p\u00e0gina web l&#8217;informa, en aquesta secci\u00f3, sobre la pol\u00edtica de recollida i tractament de cookies.<\/p>\n<h6>Qu\u00e8 s\u00f3n les cookies (galetes)?<\/h6>\n<p>Una galeta (cookie) \u00e9s un fitxer que es descarrega al seu ordinador en accedir a determinades p\u00e0gines web. Les galetes permeten a una p\u00e0gina web, entre altres coses, emmagatzemar i recuperar informaci\u00f3 sobre els h\u00e0bits de navegaci\u00f3 d&#8217;un usuari o del seu equip i, depenent de la informaci\u00f3 que continguin i de la forma en qu\u00e8 utilitzi el seu equip, es poden utilitzar per recon\u00e8ixer a l&#8217;usuari.<\/p>\n<h6>Quins tipus de galetes utilitza aquest lloc Web?<\/h6>\n<ul>\n<li>Galetes d&#8217;an\u00e0lisi \u2013 S\u00f3n aquelles que ben tractades per nosaltres o per tercers, ens permeten quantificar el nombre d&#8217;usuaris i aix\u00ed realitzar el mesurament i an\u00e0lisi estad\u00edstica de la utilitzaci\u00f3 que fan els usuaris del servei ofert. Per aix\u00f2 s&#8217;analitza la seva navegaci\u00f3 a la nostra p\u00e0gina web per tal de millorar l&#8217;oferta de productes o serveis que us oferim.<\/li>\n<\/ul>\n<h6>Com desactivar les galetes<\/h6>\n<p>Podeu permetre, bloquejar o eliminar les galetes instal\u00b7lades en el vostre equip mitjan\u00e7ant la configuraci\u00f3 de les opcions del navegador.<br \/>\nA continuaci\u00f3 podeu accedir a la configuraci\u00f3 dels navegadors web m\u00e9s freq\u00fcents per acceptar, instal\u00b7lar o desactivar les galetes:<\/p>\n<ul>\n<li><a href=\"http:\/\/support.mozilla.org\/es\/kb\/habilitar-y-deshabilitar-cookies-que-los-sitios-we\" target=\"_blank\" rel=\"noopener noreferrer\">Firefox<\/a><\/li>\n<li><a href=\"http:\/\/support.apple.com\/kb\/HT1677?viewlocale=es_ES\" target=\"_blank\" rel=\"noopener noreferrer\">Safari<\/a><\/li>\n<li><a href=\"https:\/\/support.google.com\/chrome\/answer\/95647?hl=es\" target=\"_blank\" rel=\"noopener noreferrer\">Google Chrome<\/a><\/li>\n<li><a href=\"https:\/\/support.microsoft.com\/en-us\/microsoft-edge\/delete-cookies-in-microsoft-edge-63947406-40ac-c3b8-57b9-2a946a29ae09\" target=\"_blank\" rel=\"noopener\">Microsoft Chromium Edge<\/a><\/li>\n<\/ul>\n<h6>Galetes de tercers<\/h6>\n<p>Aquesta p\u00e0gina web utilitza serveis de tercers per recopilar informaci\u00f3 amb fins estad\u00edstics i d&#8217;\u00fas de la Web.<\/p>\n<ul>\n<li>Google Analytics<\/li>\n<\/ul>\n<\/div><\/div><\/div><\/div><\/div><\/div><\/div><\/section>\n","protected":false},"excerpt":{"rendered":"[vc_custom_heading text=\"Pol\u00edtica de cookies\" font_container=\"tag:h1|text_align:left\" use_theme_fonts=\"yes\" el_class=\"bv-page-title-big\"]En compliment amb el qual disposa l&#8217;article 22.2 de la Llei 34\/2002, d&#8217;11 de juliol, de Serveis de la Societat de la Informaci\u00f3 i de Comer\u00e7 Electr\u00f2nic, aquesta p\u00e0gina web l&#8217;informa, en aquesta secci\u00f3, sobre la pol\u00edtica de recollida i tractament de cookies. Qu\u00e8 s\u00f3n les cookies (galetes)? Una...","protected":false},"author":2,"featured_media":3493,"parent":0,"menu_order":70,"comment_status":"closed","ping_status":"closed","template":"","meta":{"_acf_changed":false,"inline_featured_image":false,"footnotes":""},"class_list":["post-3862","page","type-page","status-publish","has-post-thumbnail","hentry"],"acf":[],"_links":{"self":[{"href":"https:\/\/masgrau.net\/es\/wp-json\/wp\/v2\/pages\/3862","targetHints":{"allow":["GET"]}}],"collection":[{"href":"https:\/\/masgrau.net\/es\/wp-json\/wp\/v2\/pages"}],"about":[{"href":"https:\/\/masgrau.net\/es\/wp-json\/wp\/v2\/types\/page"}],"author":[{"embeddable":true,"href":"https:\/\/masgrau.net\/es\/wp-json\/wp\/v2\/users\/2"}],"replies":[{"embeddable":true,"href":"https:\/\/masgrau.net\/es\/wp-json\/wp\/v2\/comments?post=3862"}],"version-history":[{"count":5,"href":"https:\/\/masgrau.net\/es\/wp-json\/wp\/v2\/pages\/3862\/revisions"}],"predecessor-version":[{"id":4257,"href":"https:\/\/masgrau.net\/es\/wp-json\/wp\/v2\/pages\/3862\/revisions\/4257"}],"wp:featuredmedia":[{"embeddable":true,"href":"https:\/\/masgrau.net\/es\/wp-json\/wp\/v2\/media\/3493"}],"wp:attachment":[{"href":"https:\/\/masgrau.net\/es\/wp-json\/wp\/v2\/media?parent=3862"}],"curies":[{"name":"wp","href":"https:\/\/api.w.org\/{rel}","templated":true}]}}