{"id":3864,"date":"2021-04-28T08:30:29","date_gmt":"2021-04-28T06:30:29","guid":{"rendered":"https:\/\/masgrau.net\/politica-de-privadesa\/"},"modified":"2021-07-28T15:45:20","modified_gmt":"2021-07-28T13:45:20","slug":"politica-de-privacidad","status":"publish","type":"page","link":"https:\/\/masgrau.net\/es\/politica-de-privacidad\/","title":{"rendered":"Pol\u00edtica de privacidad"},"content":{"rendered":"<section class=\"l-section wpb_row height_large\"><div class=\"l-section-h i-cf\"><div class=\"g-cols vc_row via_flex valign_top type_default stacking_default\"><div class=\"vc_col-sm-4 wpb_column vc_column_container\"><div class=\"vc_column-inner type_sticky\"><div class=\"wpb_wrapper\">[vc_custom_heading text=\u00bbPol\u00edtica de privacidad\u00bb font_container=\u00bbtag:h1|text_align:left\u00bb use_theme_fonts=\u00bbyes\u00bb el_class=\u00bbbv-page-title-big\u00bb]<\/div><\/div><\/div><div class=\"vc_col-sm-8 wpb_column vc_column_container\"><div class=\"vc_column-inner\"><div class=\"wpb_wrapper\"><div class=\"w-separator size_custom\" style=\"height:1rem\"><\/div><div class=\"wpb_text_column\"><div class=\"wpb_wrapper\"><p><span style=\"font-weight: 400;\">Miquel Masgrau Bartis l&#8217;informa sobre la seva pol\u00edtica de privadesa respecte al tractament i protecci\u00f3 de les dades de car\u00e0cter personal dels usuaris i clients que puguin ser recollides per la navegaci\u00f3 o contractaci\u00f3 de serveis a trav\u00e9s del lloc Web <a href=\"https:\/\/masgrau.net\/es\/\">masgrau.net<\/a><\/span><\/p>\n<p><span style=\"font-weight: 400;\">En aquest sentit, el Titular garanteix el compliment de la normativa vigent en mat\u00e8ria de protecci\u00f3 de dades personals, reflectida en la Llei Org\u00e0nica 3\/2018, de 5 de desembre, de Protecci\u00f3 de Dades Personals i de Garantia de Drets Digitals (LOPD GDD). Compleix tamb\u00e9 amb el Reglament (UE) 2016\/679 del Parlament Europeu i de Consell de 27 d&#8217;abril de 2016 relatiu a la protecci\u00f3 de les persones f\u00edsiques (RGPD).<\/span><\/p>\n<p><span style=\"font-weight: 400;\">L&#8217;\u00fas del lloc web implica l&#8217;acceptaci\u00f3 d&#8217;aquesta Pol\u00edtica de Privadesa aix\u00ed com les condicions incloses en l&#8217;<a href=\"https:\/\/masgrau.net\/es\/aviso-legal\/\">Av\u00eds legal<\/a>.<\/span><\/p>\n<h6><b>Identitat del responsable<\/b><\/h6>\n<ul>\n<li style=\"font-weight: 400;\" aria-level=\"1\"><span style=\"font-weight: 400;\">Titular: Miquel Masgrau Bartis<\/span><\/li>\n<li style=\"font-weight: 400;\" aria-level=\"1\"><span style=\"font-weight: 400;\">NIF: 37240316G<\/span><\/li>\n<li style=\"font-weight: 400;\" aria-level=\"1\"><span style=\"font-weight: 400;\">Domicili: C. C\u00f2rsega 302, 2n 2a &#8211; 08008 Barcelona<\/span><\/li>\n<li style=\"font-weight: 400;\" aria-level=\"1\"><span style=\"font-weight: 400;\">Correu electr\u00f2nic: <a href=\"mailto:privadesa@masgrau.net\" target=\"_blank\" rel=\"noopener\">privadesa@masgrau.net<\/a><\/span><\/li>\n<li style=\"font-weight: 400;\" aria-level=\"1\"><span style=\"font-weight: 400;\">Lloc Web <\/span><a href=\"https:\/\/masgrau.net\/es\/\">masgrau.net<\/a><\/li>\n<\/ul>\n<h6><b>Principis aplicats en el tractament de dades<\/b><\/h6>\n<p><span style=\"font-weight: 400;\">En el tractament de les vostres dades personals, el Titular ha d&#8217;aplicar els seg\u00fcents principis que s&#8217;ajusten a les exig\u00e8ncies del nou Reglament Europeu de Protecci\u00f3 de Dades:<\/span><\/p>\n<ul>\n<li style=\"font-weight: 400;\" aria-level=\"1\"><span style=\"font-weight: 400;\">Principi de licitud, lleialtat i transpar\u00e8ncia: El Titular sempre requerir\u00e0 el consentiment per al tractament de les vostres dades personals que pot ser per a un o diversos fins espec\u00edfics sobre els quals t&#8217;informar\u00e0 pr\u00e8viament amb absoluta transpar\u00e8ncia.<\/span><\/li>\n<li style=\"font-weight: 400;\" aria-level=\"1\"><span style=\"font-weight: 400;\">Principi de minimitzaci\u00f3 de dades: El Titular us sol\u00b7licitar\u00e0 nom\u00e9s les dades estrictament necess\u00e0ries per a la finalitat o les finalitats que les sol\u00b7licita.<\/span><\/li>\n<li style=\"font-weight: 400;\" aria-level=\"1\"><span style=\"font-weight: 400;\">Principi de limitaci\u00f3 del termini de conservaci\u00f3: Les dades es mantindran durant el temps estrictament necessari per a la finalitat del tractament.<\/span><\/li>\n<li style=\"font-weight: 400;\" aria-level=\"1\"><span style=\"font-weight: 400;\">El Titular t&#8217;informar\u00e0 del termini de conservaci\u00f3 corresponent segons la finalitat. En el cas de subscripcions, el Titular revisar\u00e0 peri\u00f2dicament les llistes i eliminar\u00e0 aquells registres inactius durant un temps considerable.<\/span><\/li>\n<li style=\"font-weight: 400;\" aria-level=\"1\"><span style=\"font-weight: 400;\">Principi d&#8217;integritat i confidencialitat: Les vostres dades seran tractades de tal manera que la seva seguretat, confidencialitat i integritat estigui garantida. El Titular pren les precaucions necess\u00e0ries per evitar l&#8217;acc\u00e9s no autoritzat o \u00fas indegut de les dades dels seus usuaris per part de tercers.<\/span><\/li>\n<\/ul>\n<h6><b>Obtenci\u00f3 de dades personals<\/b><\/h6>\n<p><span style=\"font-weight: 400;\">Per a navegar per <a href=\"https:\/\/masgrau.net\/es\/\">masgrau.net<\/a> <\/span><span style=\"font-weight: 400;\">no cal que faciliteu cap dada personal. Si ens envieu un correu electr\u00f2nic, aleshores s\u00ed que ens proporcionar\u00edeu dades personals.<\/span><\/p>\n<h6><b>Els vostres drets<\/b><\/h6>\n<p><span style=\"font-weight: 400;\">El Titular t&#8217;informa que sobre les vostres dades personals teniu dret a:<\/span><\/p>\n<ul>\n<li style=\"font-weight: 400;\" aria-level=\"1\"><span style=\"font-weight: 400;\">Sol\u00b7licitar l&#8217;acc\u00e9s a les dades emmagatzemades.<\/span><\/li>\n<li style=\"font-weight: 400;\" aria-level=\"1\"><span style=\"font-weight: 400;\">Sol\u00b7licitar una rectificaci\u00f3 o la cancel\u00b7laci\u00f3.<\/span><\/li>\n<li style=\"font-weight: 400;\" aria-level=\"1\"><span style=\"font-weight: 400;\">Sol\u00b7licitar la limitaci\u00f3 del seu tractament.<\/span><\/li>\n<li style=\"font-weight: 400;\" aria-level=\"1\"><span style=\"font-weight: 400;\">Oposar-te al tractament.<\/span><\/li>\n<li style=\"font-weight: 400;\" aria-level=\"1\"><span style=\"font-weight: 400;\">Sol\u00b7licitar la portabilitat de les vostres dades.<\/span><\/li>\n<\/ul>\n<p><span style=\"font-weight: 400;\">Aquests drets s\u00f3n personals i per tant han de ser exercits directament per l&#8217;interessat, sol\u00b7licitant-lo a la persona Titular, cosa que significa que qualsevol client, subscriptor o col\u00b7laborador que hagi facilitat les seves dades en algun moment pot dirigir-se al Titular i demanar informaci\u00f3 sobre les dades que t\u00e9 emmagatzemades i com els ha obtingut, sol\u00b7licitar-ne la rectificaci\u00f3, portabilitat, oposar-se al tractament, limitar el seu \u00fas o demanar-ne la cancel\u00b7laci\u00f3.<\/span><\/p>\n<p><span style=\"font-weight: 400;\">Per exercir els vostres drets d&#8217;acc\u00e9s, rectificaci\u00f3, cancel\u00b7laci\u00f3, portabilitat i oposici\u00f3 has d&#8217;enviar un correu electr\u00f2nic a <a href=\"mailto:privadesa@masgrau.net\" target=\"_blank\" rel=\"noopener\">privadesa@masgrau.net<\/a> juntament amb la prova v\u00e0lida en dret com una fotoc\u00f2pia de l&#8217;D.N.I. o equivalent.<\/span><\/p>\n<p><span style=\"font-weight: 400;\">Teniu dret a la tutela judicial efectiva i a presentar una reclamaci\u00f3 davant l&#8217;autoritat de control, en aquest cas, l&#8217;Ag\u00e8ncia Espanyola de Protecci\u00f3 de Dades, si considereu que infringeix el reglament el tractament de dades personals que us concerneixen.<\/span><\/p>\n<h6><b>Finalitat del tractament de dades personals<\/b><\/h6>\n<p><span style=\"font-weight: 400;\">Quan us connecteu al lloc Web per enviar un correu al Titular, us subscriviu al seu butllet\u00ed o realitzeu una contractaci\u00f3, esteu facilitant informaci\u00f3 de car\u00e0cter personal de la qual el responsable \u00e9s el Titular. Aquesta informaci\u00f3 pot incloure dades de car\u00e0cter personal com poden ser la vostra adre\u00e7a IP, nom i cognoms, adre\u00e7a f\u00edsica, adre\u00e7a de correu electr\u00f2nic, n\u00famero de tel\u00e8fon, i altres informacions. En facilitar aquesta informaci\u00f3, doneu el vostre consentiment perqu\u00e8 la vostra informaci\u00f3 sigui recopilada, utilitzada, gestionada i emmagatzemada per <a href=\"https:\/\/masgrau.net\/es\/\">masgrau.net<\/a><\/span><span style=\"font-weight: 400;\">, nom\u00e9s com es descriu en l&#8217;<a href=\"https:\/\/masgrau.net\/es\/aviso-legal\/\">Av\u00eds legal<\/a> i en la present Pol\u00edtica de Privadesa.<\/span><\/p>\n<p><span style=\"font-weight: 400;\">Les dades personals i la finalitat del tractament per part del Titular \u00e9s diferent segons el sistema de captura d&#8217;informaci\u00f3:<\/span><\/p>\n<ul>\n<li style=\"font-weight: 400;\" aria-level=\"1\"><span style=\"font-weight: 400;\">Formularis de contacte: El Titular sol\u00b7licita dades personals entre els quals poden estar: Nom i cognoms, adre\u00e7a de correu electr\u00f2nic, n\u00famero de tel\u00e8fon i adre\u00e7a del teu lloc Web amb la finalitat de respondre.<\/span><span style=\"font-weight: 400;\"><br \/>\n<\/span><span style=\"font-weight: 400;\">Per exemple, el Titular utilitza aquestes dades per donar resposta als vostres missatges, dubtes, queixes, comentaris o inquietuds que pugueu tenir relatives a la informaci\u00f3 inclosa en el lloc Web, els serveis que es presten a trav\u00e9s del lloc Web, el tractament de les vostres dades personals, q\u00fcestions referents als textos legals inclosos en el lloc Web, aix\u00ed com qualsevol altra consulta que pugueu tenir i que no estigui subjecta a les condicions del lloc Web o de la contractaci\u00f3.<\/span><\/li>\n<\/ul>\n<p><span style=\"font-weight: 400;\">Existeixen altres finalitats per les quals el Titular tracta les dades personals:<\/span><\/p>\n<ul>\n<li style=\"font-weight: 400;\" aria-level=\"1\"><span style=\"font-weight: 400;\">Per garantir el compliment de les condicions recollides en l&#8217;<a href=\"https:\/\/masgrau.net\/es\/aviso-legal\/\">Av\u00eds legal<\/a> i en la llei aplicable. Aix\u00f2 pot incloure el desenvolupament d&#8217;eines i algoritmes que ajudin a aquest lloc Web a garantir la confidencialitat de les dades personals que recull.<\/span><\/li>\n<li style=\"font-weight: 400;\" aria-level=\"1\"><span style=\"font-weight: 400;\">Per donar suport i millorar els serveis que ofereix aquest lloc Web.<\/span><\/li>\n<li style=\"font-weight: 400;\" aria-level=\"1\"><span style=\"font-weight: 400;\">Per analitzar la navegaci\u00f3. El Titular recull altres dades no identificatives que s&#8217;obtenen mitjan\u00e7ant l&#8217;\u00fas de cookies que es descarreguen en el teu ordinador quan navegues pel lloc web les caracter\u00edstiques i finalitat estan detallades en la <a href=\"https:\/\/masgrau.net\/es\/politica-de-cookies\/\">Pol\u00edtica de Cookies<\/a>.<\/span><\/li>\n<li style=\"font-weight: 400;\" aria-level=\"1\"><span style=\"font-weight: 400;\">Per gestionar les xarxes socials, el Titular t\u00e9 pres\u00e8ncia en xarxes socials. Si et fas seguidor a les xarxes socials, el Titular el tractament de les dades personals es regir\u00e0 per aquest apartat, aix\u00ed com per aquelles condicions d&#8217;\u00fas, pol\u00edtiques de privadesa i normatives d&#8217;acc\u00e9s que pertanyin a la xarxa social que procedeixi en cada cas i que has acceptat pr\u00e8viament.<\/span><\/li>\n<\/ul>\n<p><span style=\"font-weight: 400;\">Pots consultar les pol\u00edtiques de privadesa de les principals xarxes socials en aquests enlla\u00e7os:<\/span><\/p>\n<ul>\n<li style=\"font-weight: 400;\" aria-level=\"1\"><a href=\"https:\/\/www.facebook.com\/privacy\/explanation\/\" target=\"_blank\" rel=\"noopener\"><span style=\"font-weight: 400;\">Facebook<\/span><\/a><\/li>\n<li style=\"font-weight: 400;\" aria-level=\"1\"><a href=\"https:\/\/help.twitter.com\/es\/rules-and-policies\/personal-information\" target=\"_blank\" rel=\"noopener\"><span style=\"font-weight: 400;\">Twitter<\/span><\/a><\/li>\n<li style=\"font-weight: 400;\" aria-level=\"1\"><a href=\"https:\/\/www.instagram.com\/terms\/accept\/?hl=es\" target=\"_blank\" rel=\"noopener\"><span style=\"font-weight: 400;\">Instagram<\/span><\/a><\/li>\n<li style=\"font-weight: 400;\" aria-level=\"1\"><a href=\"https:\/\/es.linkedin.com\/legal\/privacy-policy\" target=\"_blank\" rel=\"noopener\"><span style=\"font-weight: 400;\">LinkedIn<\/span><\/a><\/li>\n<\/ul>\n<p><span style=\"font-weight: 400;\">El Titular tractar\u00e0 les dades personals amb la finalitat d&#8217;administrar correctament la seva pres\u00e8ncia a la xarxa social, informar-vos de les seves activitats, productes o serveis, aix\u00ed com per a qualsevol altra finalitat que les normatives de les xarxes socials permeten.<\/span><\/p>\n<p><span style=\"font-weight: 400;\">En cap cas el Titular utilitzar\u00e0 els perfils de seguidors en xarxes socials per a enviar publicitat de manera individual.<\/span><\/p>\n<h6><b>Seguretat de les dades personals<\/b><\/h6>\n<p><span style=\"font-weight: 400;\">Per protegir les vostres dades personals, el Titular pren totes les precaucions raonables i segueix les millors pr\u00e0ctiques de la ind\u00fastria per evitar la seva p\u00e8rdua, mal \u00fas, acc\u00e9s indegut, divulgaci\u00f3, alteraci\u00f3 o destrucci\u00f3.<\/span><\/p>\n<p><span style=\"font-weight: 400;\">El lloc Web est\u00e0 allotjat en GeoCrono. La seguretat de les teves dades est\u00e0 garantida, ja que prenen totes les mesures de seguretat necess\u00e0ries per a aix\u00f2. Podeu consulta <\/span><a href=\"https:\/\/geocrono.com\/politica-de-privacidad\/\" target=\"_blank\" rel=\"noopener\"><span style=\"font-weight: 400;\">la seva pol\u00edtica de privadesa<\/span><\/a><span style=\"font-weight: 400;\"> per a tenir m\u00e9s informaci\u00f3.<\/span><\/p>\n<h6><b>Continguts d&#8217;altres llocs Web<\/b><\/h6>\n<p><span style=\"font-weight: 400;\">Les p\u00e0gines d&#8217;aquest lloc Web poden incloure contingut incrustat (per exemple, v\u00eddeos, imatges, articles, etc.). El contingut incrustat d&#8217;altres llocs es comporta exactament de la mateixa manera que si hagu\u00e9ssiu visitat l\u2019altre lloc.<\/span><\/p>\n<p><span style=\"font-weight: 400;\">Aquests llocs Web poden recopilar dades sobre vosaltres, utilitzar cookies, incrustar un codi de seguiment addicional de tercers, i supervisar la teva interacci\u00f3 usant aquest codi.<\/span><\/p>\n<h6><b>Pol\u00edtica de cookies<\/b><\/h6>\n<p><span style=\"font-weight: 400;\">Perqu\u00e8 aquest lloc Web funcioni correctament necessita utilitzar cookies, que \u00e9s una informaci\u00f3 que s&#8217;emmagatzema al vostre navegador Web.<\/span><\/p>\n<p><span style=\"font-weight: 400;\">A la p\u00e0gina <a href=\"https:\/\/masgrau.net\/es\/politica-de-cookies\/\">Pol\u00edtica de Cookies<\/a> podeu consultar tota la informaci\u00f3 relativa a la pol\u00edtica de recollida, la finalitat i el tractament de les cookies.<\/span><\/p>\n<h6><b>Legitimaci\u00f3 per al tractament de dades<\/b><\/h6>\n<p><span style=\"font-weight: 400;\">La base legal per al tractament de les vostres dades \u00e9s: el consentiment.<\/span><\/p>\n<p><span style=\"font-weight: 400;\">Per a contactar amb el Titular, subscriure\u2019s a un butllet\u00ed o fer comentaris en aquest lloc Web cal acceptar la present Pol\u00edtica de privadesa.<\/span><\/p>\n<h6><b>Categories de les dades personals<\/b><\/h6>\n<p><span style=\"font-weight: 400;\">Les categories de dades personals que tracta el Titular s\u00f3n:<\/span><\/p>\n<ul>\n<li style=\"font-weight: 400;\" aria-level=\"1\"><span style=\"font-weight: 400;\">Dades identificatives.<\/span><\/li>\n<\/ul>\n<h6><b>Conservaci\u00f3 de les dades personals<\/b><\/h6>\n<p><span style=\"font-weight: 400;\">Les dades personals que proporcioneu al &#8216;Titular es conservaran fins que sol\u00b7liciteu la seva supressi\u00f3.<\/span><\/p>\n<h6><b>Destinataris de les dades personals<\/b><\/h6>\n<ul>\n<li style=\"font-weight: 400;\" aria-level=\"1\"><span style=\"font-weight: 400;\">Google Analytics \u00e9s un servei d&#8217;anal\u00edtica web prestat per Google, Inc., una companyia de Delaware l&#8217;oficina principal a 1600 Amphitheatre Parkway, Mountain View (Calif\u00f2rnia), CA 94043, Estats Units ( \u00abGoogle\u00bb). Trobaeu m\u00e9s informaci\u00f3 a: <\/span><a href=\"https:\/\/analytics.google.com\/\" target=\"_blank\" rel=\"noopener\"><span style=\"font-weight: 400;\">https:\/\/analytics.google.com<\/span><\/a><span style=\"font-weight: 400;\">. Google Analytics utilitza \u00abcookies\u00bb, que s\u00f3n arxius de text ubicats al teu ordinador, per ajudar al Titular a analitzar l&#8217;\u00fas que fan els usuaris de la p\u00e0gina web. La informaci\u00f3 que genera la cookie sobre l&#8217;\u00fas del lloc web (incloent-hi la seva adre\u00e7a IP) ser\u00e0 directament transmesa i arxivada per Google en els servidors d&#8217;Estats Units.<\/span><\/li>\n<\/ul>\n<p><span style=\"font-weight: 400;\">Tamb\u00e9 podeu veure una llista dels tipus de cookies que utilitza Google i els seus col\u00b7laboradors i tota la informaci\u00f3 relativa a l&#8217;\u00fas que fan de cookies publicit\u00e0ries.<\/span><\/p>\n<h6><b>Navegaci\u00f3 Web<\/b><\/h6>\n<p><span style=\"font-weight: 400;\">En navegar per <a href=\"https:\/\/masgrau.net\/es\/\">masgrau.net<\/a><\/span><span style=\"font-weight: 400;\"> es poden recollir dades no identificatives, que poden incloure, l&#8217;adre\u00e7a IP, geolocalitzaci\u00f3, un registre de com s&#8217;utilitzen els serveis i llocs, h\u00e0bits de navegaci\u00f3 i altres dades que no poden ser utilitzats per identificar-te.<\/span><\/p>\n<p><span style=\"font-weight: 400;\">El lloc Web utilitza els seg\u00fcents serveis d&#8217;an\u00e0lisi de tercers:<\/span><\/p>\n<ul>\n<li style=\"font-weight: 400;\" aria-level=\"1\"><span style=\"font-weight: 400;\">Google Analytics<\/span><\/li>\n<\/ul>\n<p><span style=\"font-weight: 400;\">El Titular utilitza la informaci\u00f3 obtinguda per obtenir dades estad\u00edstiques, analitzar tend\u00e8ncies, administrar el lloc, estudiar patrons de navegaci\u00f3 i per recopilar informaci\u00f3 demogr\u00e0fica.<\/span><\/p>\n<h6><b>Exactitud i veracitat de les dades personals<\/b><\/h6>\n<p><span style=\"font-weight: 400;\">Us comprometeu a qu\u00e8 les dades facilitades al Titular siguin correctes, complets, exactes i vigents, aix\u00ed com a mantenir-les degudament actualitzades.<\/span><\/p>\n<p><span style=\"font-weight: 400;\">Com Usuari del lloc web sou l&#8217;\u00fanic responsable de la veracitat i correcci\u00f3 de les dades que feu arribar al lloc, exonerant el Titular de qualsevol responsabilitat al respecte.<\/span><\/p>\n<h6><b>Acceptaci\u00f3 i consentiment<\/b><\/h6>\n<p><span style=\"font-weight: 400;\">Com Usuari del lloc web, declareu que esteu informats de les condicions sobre protecci\u00f3 de dades de car\u00e0cter personal; accepteu i consentiu el tractament de les dades per part del Titular en la forma i per a les finalitats indicades en aquesta Pol\u00edtica de Privadesa.<\/span><\/p>\n<h6><b>Revocabilitat<\/b><\/h6>\n<p><span style=\"font-weight: 400;\">Per a exercir els vostres drets d&#8217;acc\u00e9s, rectificaci\u00f3, cancel\u00b7laci\u00f3, portabilitat i oposici\u00f3, heu d&#8217;enviar un correu electr\u00f2nic a <a href=\"mailto:privadesa@masgrau.net\" target=\"_blank\" rel=\"noopener\">privadesa@masgrau.net<\/a> juntament amb una prova v\u00e0lida en dret de qui sou, com ara una fotoc\u00f2pia del DNI o equivalent.<\/span><\/p>\n<p><span style=\"font-weight: 400;\">L&#8217;exercici dels vostres drets no inclou cap dada que el Titular estigui obligat a conservar amb finalitats administratives, legals o de seguretat.<\/span><\/p>\n<h6><b>Canvis en la Pol\u00edtica de Privadesa<\/b><\/h6>\n<p><span style=\"font-weight: 400;\">El Titular es reserva el dret a modificar la present Pol\u00edtica de Privadesa per adaptar-la a novetats legislatives o jurisprudencials, aix\u00ed com a pr\u00e0ctiques de la ind\u00fastria.<\/span><\/p>\n<p><span style=\"font-weight: 400;\">Aquestes pol\u00edtiques estaran vigents fins que siguin modificades per altres pol\u00edtiques degudament publicades.<\/span><\/p>\n<\/div><\/div><\/div><\/div><\/div><\/div><\/div><\/section>\n","protected":false},"excerpt":{"rendered":"[vc_custom_heading text=\"Pol\u00edtica de privacidad\" font_container=\"tag:h1|text_align:left\" use_theme_fonts=\"yes\" el_class=\"bv-page-title-big\"]Miquel Masgrau Bartis l&#8217;informa sobre la seva pol\u00edtica de privadesa respecte al tractament i protecci\u00f3 de les dades de car\u00e0cter personal dels usuaris i clients que puguin ser recollides per la navegaci\u00f3 o contractaci\u00f3 de serveis a trav\u00e9s del lloc Web masgrau.net En aquest sentit, el Titular garanteix el...","protected":false},"author":1,"featured_media":3493,"parent":0,"menu_order":70,"comment_status":"closed","ping_status":"closed","template":"","meta":{"_acf_changed":false,"inline_featured_image":false,"footnotes":""},"class_list":["post-3864","page","type-page","status-publish","has-post-thumbnail","hentry"],"acf":[],"_links":{"self":[{"href":"https:\/\/masgrau.net\/es\/wp-json\/wp\/v2\/pages\/3864","targetHints":{"allow":["GET"]}}],"collection":[{"href":"https:\/\/masgrau.net\/es\/wp-json\/wp\/v2\/pages"}],"about":[{"href":"https:\/\/masgrau.net\/es\/wp-json\/wp\/v2\/types\/page"}],"author":[{"embeddable":true,"href":"https:\/\/masgrau.net\/es\/wp-json\/wp\/v2\/users\/1"}],"replies":[{"embeddable":true,"href":"https:\/\/masgrau.net\/es\/wp-json\/wp\/v2\/comments?post=3864"}],"version-history":[{"count":21,"href":"https:\/\/masgrau.net\/es\/wp-json\/wp\/v2\/pages\/3864\/revisions"}],"predecessor-version":[{"id":4408,"href":"https:\/\/masgrau.net\/es\/wp-json\/wp\/v2\/pages\/3864\/revisions\/4408"}],"wp:featuredmedia":[{"embeddable":true,"href":"https:\/\/masgrau.net\/es\/wp-json\/wp\/v2\/media\/3493"}],"wp:attachment":[{"href":"https:\/\/masgrau.net\/es\/wp-json\/wp\/v2\/media?parent=3864"}],"curies":[{"name":"wp","href":"https:\/\/api.w.org\/{rel}","templated":true}]}}