{"id":3955,"date":"2021-04-29T11:47:01","date_gmt":"2021-04-29T11:47:01","guid":{"rendered":"https:\/\/masgrau.net\/aplicaciones-practicas-de-la-ozonoterapia\/"},"modified":"2021-07-18T15:20:24","modified_gmt":"2021-07-18T15:20:24","slug":"aplicaciones-practicas-de-la-ozonoterapia","status":"publish","type":"page","link":"https:\/\/masgrau.net\/es\/aplicaciones-practicas-de-la-ozonoterapia\/","title":{"rendered":"Aplicaciones pr\u00e1cticas de la ozonoterapia"},"content":{"rendered":"<section class=\"l-section wpb_row height_large\"><div class=\"l-section-h i-cf\"><div class=\"g-cols vc_row via_flex valign_top type_default stacking_default\"><div class=\"vc_col-sm-12 wpb_column vc_column_container\"><div class=\"vc_column-inner\"><div class=\"wpb_wrapper\"><div class=\"wpb_text_column\"><div class=\"wpb_wrapper\"><p>La ozonoter\u00e0pia es la tecnica que utiliza el ozono como agente terap\u00e9utico, bien por su alta capacidad oxidante y de cicatrizaci\u00f3n, o bien como medio de activaci\u00f3n de ciertas proteinas y c\u00e9lulas del sistema inmunitario sanguineo. La concentraci\u00f3n y manera de aplicar variar\u00e1 en funci\u00f3n de la patolog\u00eda a tratar, dado que la concentraci\u00f3n de ozono determina el tipo de efecto biol\u00f3gico que produce y la manera de aplicar define su \u00e1mbito de actuaci\u00f3n en el organismo.<\/p>\n<\/div><\/div>[vc_custom_heading text=\u00bb\u00bfQu\u00e9 enfermedades trata la ozonoterapia?\u00bb font_container=\u00bbtag:h4|text_align:left\u00bb use_theme_fonts=\u00bbyes\u00bb el_id=\u00bbterapia-ozo-malalties\u00bb]<div class=\"wpb_text_column\"><div class=\"wpb_wrapper\"><p><strong>Todas las formas de desarreglos circulatorios<\/strong><\/p>\n<ul>\n<li>Perif\u00e9rico: cuando la sangre no puede llegar a los tejidos, como pasa por ejemplo con la claudicaci\u00f3n intermitente o con la pierna de fumador. Tambi\u00e9n en la enfermedad de Raynaud i en las migra\u00f1as.<\/li>\n<li>Cerebral: Estados anteriores y posteriores a una embolia, enfermedades degenerativas del cerebro y esclerosis cerebral.<\/li>\n<li>Coronaria: Vasos coronarios, angina de pecho, o despu\u00e9s de un ataque al coraz\u00f3n.<\/li>\n<\/ul>\n<p><strong>Infecciones<\/strong><br \/>\nEl ozono es m\u00e1s \u00fatil en aquellas infecciones invulnerables a los antibi\u00f3ticos, como son las v\u00edricas y los hongos. La hepatitis, el herpes, epsein-bar (mononucleosis infeccionsa).<\/p>\n<p><strong>C\u00e1ncer<\/strong><br \/>\nVer el art\u00edculo <a href=\"https:\/\/masgrau.net\/es\/aplicaciones-practicas-de-la-ozonoterapia\/#terapia-ozo-cancer\"><strong>C\u00e1ncer y ozono<\/strong><\/a><\/p>\n<p><strong>Enfermedades del h\u00edgado<\/strong><br \/>\nHepatitis de todas las letras, cirrosis\u2026<\/p>\n<p><strong>Infecciones de repetici\u00f3n<\/strong><br \/>\nCistitis. Bronquitis cr\u00f3nica.<\/p>\n<p><strong>Inflamaciones cr\u00f3nicas<\/strong><br \/>\nSinusitis, inflamaci\u00f3n de ovarios, bronquitis.<\/p>\n<p><strong>Alergias<\/strong><br \/>\nRinitis al\u00e9rgica.<\/p>\n<p><strong>Enfermedades del pulm\u00f3n<\/strong><br \/>\nAsma, enfisema, neumon\u00eda por neumocistitis carni.<\/p>\n<p><strong>Infecciones ginecol\u00f3gicas<\/strong><br \/>\nVaginitis y vulvovaginitis. Exceso de flujo, sequedad vaginal. Tricomonas y c\u00e1ndidas.<\/p>\n<p><strong>Enfermedades reum\u00e1ticas<\/strong><br \/>\nEspecialmente apreciado en la poliartritis cr\u00f3nica.<\/p>\n<p><strong>Trastornos metab\u00f3licos<\/strong><br \/>\nDiabetes mellitus. Tambi\u00e9n en alteraciones del metabolismo de las grasas.<\/p>\n<p><strong>Insuficiencia card\u00edaca e hipertensi\u00f3n arterial<\/strong><\/p>\n<p><strong>Enfermedades del est\u00f3mago y los intestinos<\/strong><br \/>\nGastritis, colitis ulcerosa, enfermedad de Crohn, estre\u00f1imiento, diarrea cr\u00f3nica, fisura y f\u00edstulas anales.<\/p>\n<p><strong>Enfermedades de la piel<\/strong><br \/>\nNeurodermitis, acn\u00e9, psoriasis, cicatrices de la radioterapia, hongos y otros.<\/p>\n<p><strong>Enfermedades del cerebro<\/strong><br \/>\nTambi\u00e9n enfermedades neurol\u00f3gicas y degenerativas del sistema nervioso central, como la enfermedad de Parkinson o la esclerosis cerebral, adem\u00e1s de la enfermedad de Alzheimer en sus inicios se han beneficiado de la acci\u00f3n terap\u00e9utica del ozono.<\/p>\n<p><strong>Enfermedades de los \u00f3rganos de los sentidos<\/strong><br \/>\nLos \u00f3rganos de los sentidos, en especial el de la vista, son muy sensibles a la energ\u00eda que desprende el ox\u00edgeno naciente: en Cuba se utiliza el ozono para tratar enfermedades tan graves como la retinosis pigmentaria, la atrofia del nervio \u00f3ptico, el glaucoma, as\u00ed como para las \u00falceras corneales y la hipoacusia infantil.<\/p>\n<p><strong>Trastornos immunitarios<\/strong><br \/>\nEsclerosis m\u00faltiple, artritis reumatoide, diabetes mellitus pipus II y reacciones de hipersensibilidad.<\/p>\n<p><strong>Geriatr\u00eda<\/strong><br \/>\nPara el desgaste de la edad. El envejecimiento es un proceso de mala circulaci\u00f3n y de hipoxia. El O2\/O3 es especialmente apreciado para el tratamiento del \u00f3rgano m\u00e1s sensible a la falta de ox\u00edgeno: el cerebro.<\/p>\n<p><strong>Revitalizador<\/strong><br \/>\nEn general, antes y despu\u00e9s de intervenciones quir\u00fargicas y convalecencia.<\/p>\n<p><strong>Prevenci\u00f3n<\/strong><br \/>\nEn la actualidad, se utilizan peque\u00f1as de ozono para conservar la fruta, ya que impide que se desarrollen las bacterias y los hongos.<\/p>\n<\/div><\/div><div class=\"w-separator size_medium\"><\/div>[vc_custom_heading text=\u00bbC\u00e1ncer y ozono\u00bb font_container=\u00bbtag:h4|text_align:left\u00bb use_theme_fonts=\u00bbyes\u00bb el_id=\u00bbterapia-ozo-cancer\u00bb]<div class=\"wpb_text_column\"><div class=\"wpb_wrapper\"><p>El c\u00e1ncer es una enfermedad que no s\u00f3lo tiene a menudo un desenlace fatal, sino que los efectos secundarios de los tratamientos que se aplican con m\u00e1s frecuencia son casi tan temidos como la propia enfermedad. Por eso mismo, muchos enfermos sopesan la posibilidad de superarla sin recurrir a estos tratamientos, como nos cuenta Bignia Kuoni en su libro, <a href=\"https:\/\/masgrau.net\/es\/a-despecho-llibre-de-bignia-kuoni\/\"><em>A despecho<\/em> (disponible online)<\/a>. No obstante, es una opci\u00f3n osada, ya que si bien hay quien supera la enfermedad, tambi\u00e9n me consta que muchos de los que lo intentan, no lo consiguen. De todos modos, no se puede obviar que, como todos sabemos, la quimio y la radioterapia, aunque resuelven muchos casos, no son un camino seguro; depende mucho de las circunstancias de cada enfermo.<\/p>\n<p>Los m\u00e9dicos, los onc\u00f3logos, no suelen ser pr\u00f3digos en explicaciones, pero son sinceros cuando se les pregunta. Por eso, es conveniente dejar de lado miedos y angustias e inquirir por las probabilidades de superaci\u00f3n en el tipo de tumor \u2013que normalmente est\u00e1n definidas por los estudios estad\u00edsticos- con los tratamientos de que disponen, y tomar una decisi\u00f3n.<\/p>\n<p>De los tratamientos alternativos no hay ninguno que haya demostrado un alto nivel de eficacia para combatir por s\u00ed mismo la enfermedad. Sin embargo, los hay que son muy \u00fatiles como complemento, tanto para vitalizar los tejidos afectados como para neutralizar o minimizar los efectos secundarios de los tratamientos oficiales.<\/p>\n<p>De entre todos ellos, destaca la utilizaci\u00f3n del <a title=\"El ox\u00edgeno activado\" href=\"https:\/\/masgrau.net\/es\/el-oxigeno-activado\/\">ozono medicinal<\/a>, la efectividad del cual es coherente con la concepci\u00f3n de la hip\u00f3xia en la g\u00e9nesis del c\u00e1ncer, tal como se explica en el articulo <a href=\"https:\/\/masgrau.net\/es\/el-punt-de-vista-de-la-biologia\/\"><em>El punto de vista de la biolog\u00eda<\/em><\/a>.<\/p>\n<p>Como testimonio de la efectividad de la terapia de ozono hemos seleccionados dos fragmentos que recogen experiencias en este \u00e1mbito. El primero, de <a href=\"https:\/\/masgrau.net\/es\/terapias-de-oxigeno-para-una-optima-salud-y-vitalidad\/\">Nathaniel Altman<\/a>, describe el trabajo de los pioneros, que promovieron la utilizaci\u00f3n de una terapia que hoy aplican miles de terapeutas en cl\u00ednicas de todo el mundo. El segundo, de <a href=\"https:\/\/masgrau.net\/es\/testimoni-de-paula-horan\/\">Paula Horan<\/a>, explica su experiencia en la India, donde los recursos para acceder a los tratamientos convencionales son limitados. Por desgracia, no hay ning\u00fan tratamiento que pueda reivindicar la curaci\u00f3n del c\u00e1ncer. Por eso, es necesario sumar esfuerzos para que, sea cual sea el pron\u00f3stico, el enfermo se situe en el lado bueno de las estad\u00edsticas.<\/p>\n<p>Escuche el programa de Catalunya R\u00e0dio: <em><a href=\"https:\/\/masgrau.net\/es\/el-cancer-i-lorigen-de-la-vida\/\">El cancer y el origen de la vida (El c\u00e0ncer i l&#8217;origen de la vida)<\/a>.<\/em><\/p>\n<\/div><\/div><div class=\"wpb_text_column\"><div class=\"wpb_wrapper\"><p><iframe loading=\"lazy\" title=\"Spotify Embed: El c\u00e0ncer i l&amp;apos;origen de la vida\" width=\"100%\" height=\"232\" allowtransparency=\"true\" frameborder=\"0\" allow=\"encrypted-media\" src=\"https:\/\/open.spotify.com\/embed\/episode\/7hKABdUC6MFenjFR8S8ddv?si=N5HX-ePNRDujP3XEuVDFcg\"><\/iframe><\/p>\n<\/div><\/div><div class=\"w-grid us_grid type_grid layout_2518 cols_2 preload_style_spinner with_css_animation\" id=\"us_grid_1\" style=\"--columns:2;--gap:.5rem;\"><style>@media (max-width:600px){#us_grid_1{--columns:1!important}}.layout_2518 .w-grid-item-h{}.layout_2518 .usg_btn_1{transition-duration:0.3s;transform-origin:50% 50%;transform:scale(1) translate(0%,0%)}.layout_2518 .w-grid-item-h:focus-within .usg_btn_1,.layout_2518 .w-grid-item-h:hover .usg_btn_1{transform:scale(1) translate(8%,0%);opacity:1}.layout_2518 .usg_vwrapper_1{min-height:35vh!important;border-radius:.5em!important;padding:1.4rem!important;border:1px solid var(--color-content-primary)!important}.layout_2518 .usg_post_taxonomy_1{font-size:.6rem!important;line-height:1.5!important}.layout_2518 .usg_post_title_1{max-width:340px!important;margin-bottom:5rem!important}.layout_2518 .usg_hwrapper_1{width:100%!important;height:60px!important;padding-left:1.4rem!important;padding-bottom:1.4rem!important;padding-right:1.4rem!important;position:absolute!important;left:0!important;bottom:0!important;right:0!important}.layout_2518 .usg_post_image_1{max-width:60px!important;max-height:60px!important}<\/style><div class=\"w-grid-list\">\t<article class=\"w-grid-item us_animate_fade size_1x1 post-4113 post type-post status-publish format-standard has-post-thumbnail hentry category-medicina-es tag-cancer-es\" data-id=\"4113\" style=\"animation-delay:0s\">\r\n\t\t<div class=\"w-grid-item-h\">\r\n\t\t\t\t\t\t<div class=\"w-vwrapper usg_vwrapper_1 align_left valign_top\"><div class=\"w-post-elm post_taxonomy usg_post_taxonomy_1 style_simple color_link_inherit\"><a class=\"term-2 term-medicina-es\" href=\"https:\/\/masgrau.net\/es\/category\/medicina-es\/\">Medicina<\/a><\/div><h5 class=\"w-post-elm post_title usg_post_title_1 entry-title color_link_inherit\"><a href=\"https:\/\/masgrau.net\/es\/testimoni-de-paula-horan\/\">Testimoni de Paula Horan<\/a><\/h5><div class=\"w-hwrapper usg_hwrapper_1 align_justify valign_middle\"><div class=\"w-post-elm post_image usg_post_image_1 as_circle has_height has_ratio\"><a href=\"https:\/\/masgrau.net\/es\/testimoni-de-paula-horan\/\" aria-label=\"Testimoni de Paula Horan\"><img loading=\"lazy\" decoding=\"async\" width=\"300\" height=\"300\" src=\"https:\/\/masgrau.net\/wp-content\/uploads\/2013\/05\/dr-paula-horan_600x600-300x300.jpg\" class=\"attachment-medium size-medium wp-post-image\" alt=\"\" \/><\/a><div style=\"padding-bottom:100%\"><\/div><\/div><a class=\"w-btn us-btn-style_6 usg_btn_1 icon_atright\" href=\"https:\/\/masgrau.net\/es\/testimoni-de-paula-horan\/\"><span class=\"w-btn-label\">Lea m\u00e1s<\/span><i class=\"material-icons\">east<\/i><\/a><\/div><\/div>\t\t<\/div>\r\n\t\t\t<\/article>\r\n\t<article class=\"w-grid-item us_animate_fade size_1x1 post-4114 post type-post status-publish format-standard has-post-thumbnail hentry category-medicina-es tag-cancer-es tag-terapia-de-ozono\" data-id=\"4114\" style=\"animation-delay:0.1s\">\r\n\t\t<div class=\"w-grid-item-h\">\r\n\t\t\t\t\t\t<div class=\"w-vwrapper usg_vwrapper_1 align_left valign_top\"><div class=\"w-post-elm post_taxonomy usg_post_taxonomy_1 style_simple color_link_inherit\"><a class=\"term-2 term-medicina-es\" href=\"https:\/\/masgrau.net\/es\/category\/medicina-es\/\">Medicina<\/a><\/div><h5 class=\"w-post-elm post_title usg_post_title_1 entry-title color_link_inherit\"><a href=\"https:\/\/masgrau.net\/es\/terapias-de-oxigeno-para-una-optima-salud-y-vitalidad\/\">Terapias de ox\u00edgeno para una \u00f3ptima salud y vitalidad<\/a><\/h5><div class=\"w-hwrapper usg_hwrapper_1 align_justify valign_middle\"><div class=\"w-post-elm post_image usg_post_image_1 as_circle has_height has_ratio\"><a href=\"https:\/\/masgrau.net\/es\/terapias-de-oxigeno-para-una-optima-salud-y-vitalidad\/\" aria-label=\"Terapias de ox\u00edgeno para una \u00f3ptima salud y vitalidad\"><img loading=\"lazy\" decoding=\"async\" width=\"300\" height=\"300\" src=\"https:\/\/masgrau.net\/wp-content\/uploads\/2013\/05\/nathaniel-altman-terapias-oxigeno_600x600-300x300.jpg\" class=\"attachment-medium size-medium wp-post-image\" alt=\"\" \/><\/a><div style=\"padding-bottom:100%\"><\/div><\/div><a class=\"w-btn us-btn-style_6 usg_btn_1 icon_atright\" href=\"https:\/\/masgrau.net\/es\/terapias-de-oxigeno-para-una-optima-salud-y-vitalidad\/\"><span class=\"w-btn-label\">Lea m\u00e1s<\/span><i class=\"material-icons\">east<\/i><\/a><\/div><\/div>\t\t<\/div>\r\n\t\t\t<\/article>\r\n\t<article class=\"w-grid-item us_animate_fade size_1x1 post-4124 post type-post status-publish format-standard has-post-thumbnail hentry category-radio-es tag-autogestion-de-la-salud tag-cancer-es tag-fuerza-interior\" data-id=\"4124\" style=\"animation-delay:0.2s\">\r\n\t\t<div class=\"w-grid-item-h\">\r\n\t\t\t\t\t\t<div class=\"w-vwrapper usg_vwrapper_1 align_left valign_top\"><div class=\"w-post-elm post_taxonomy usg_post_taxonomy_1 style_simple color_link_inherit\"><a class=\"term-120 term-radio-es\" href=\"https:\/\/masgrau.net\/es\/category\/radio-es\/\">Radio<\/a><\/div><h5 class=\"w-post-elm post_title usg_post_title_1 entry-title color_link_inherit\"><a href=\"https:\/\/masgrau.net\/es\/el-cancer-i-lorigen-de-la-vida\/\">El c\u00e0ncer i l&#8217;origen de la vida<\/a><\/h5><div class=\"w-hwrapper usg_hwrapper_1 align_justify valign_middle\"><div class=\"w-post-elm post_image usg_post_image_1 as_circle has_height has_ratio\"><a href=\"https:\/\/masgrau.net\/es\/el-cancer-i-lorigen-de-la-vida\/\" aria-label=\"El c\u00e0ncer i l&#8217;origen de la vida\"><img loading=\"lazy\" decoding=\"async\" width=\"300\" height=\"225\" src=\"https:\/\/masgrau.net\/wp-content\/uploads\/2013\/05\/3d-render-medical-background-with-abstract-virus-cells-dna-strands-300x225.jpg\" class=\"attachment-medium size-medium wp-post-image\" alt=\"\" \/><\/a><div style=\"padding-bottom:100%\"><\/div><\/div><a class=\"w-btn us-btn-style_6 usg_btn_1 icon_atright\" href=\"https:\/\/masgrau.net\/es\/el-cancer-i-lorigen-de-la-vida\/\"><span class=\"w-btn-label\">Lea m\u00e1s<\/span><i class=\"material-icons\">east<\/i><\/a><\/div><\/div>\t\t<\/div>\r\n\t\t\t<\/article>\r\n\t<article class=\"w-grid-item us_animate_fade size_1x1 post-4198 post type-post status-publish format-standard has-post-thumbnail hentry category-medicina-es tag-cancer-es\" data-id=\"4198\" style=\"animation-delay:0.3s\">\r\n\t\t<div class=\"w-grid-item-h\">\r\n\t\t\t\t\t\t<div class=\"w-vwrapper usg_vwrapper_1 align_left valign_top\"><div class=\"w-post-elm post_taxonomy usg_post_taxonomy_1 style_simple color_link_inherit\"><a class=\"term-2 term-medicina-es\" href=\"https:\/\/masgrau.net\/es\/category\/medicina-es\/\">Medicina<\/a><\/div><h5 class=\"w-post-elm post_title usg_post_title_1 entry-title color_link_inherit\"><a href=\"https:\/\/masgrau.net\/es\/el-punt-de-vista-de-la-biologia\/\">El punt de vista de la biologia<\/a><\/h5><div class=\"w-hwrapper usg_hwrapper_1 align_justify valign_middle\"><div class=\"w-post-elm post_image usg_post_image_1 as_circle has_height has_ratio\"><a href=\"https:\/\/masgrau.net\/es\/el-punt-de-vista-de-la-biologia\/\" aria-label=\"El punt de vista de la biologia\"><img loading=\"lazy\" decoding=\"async\" width=\"300\" height=\"300\" src=\"https:\/\/masgrau.net\/wp-content\/uploads\/2013\/03\/Otto-Heinrich-Warburg-300x300.jpg\" class=\"attachment-medium size-medium wp-post-image\" alt=\"\" \/><\/a><div style=\"padding-bottom:100%\"><\/div><\/div><a class=\"w-btn us-btn-style_6 usg_btn_1 icon_atright\" href=\"https:\/\/masgrau.net\/es\/el-punt-de-vista-de-la-biologia\/\"><span class=\"w-btn-label\">Lea m\u00e1s<\/span><i class=\"material-icons\">east<\/i><\/a><\/div><\/div>\t\t<\/div>\r\n\t\t\t<\/article>\r\n<\/div>\t<div class=\"w-grid-preloader\">\r\n\t\t<div class=\"g-preloader type_1\">\r\n\t\t\t<div><\/div>\r\n\t\t<\/div>\r\n\t<\/div>\r\n\t\t<div class=\"w-grid-json hidden\" onclick='return {&quot;action&quot;:&quot;us_ajax_grid&quot;,&quot;infinite_scroll&quot;:0,&quot;max_num_pages&quot;:1,&quot;pagination&quot;:&quot;none&quot;,&quot;template_vars&quot;:{&quot;columns&quot;:&quot;2&quot;,&quot;exclude_items&quot;:&quot;none&quot;,&quot;img_size&quot;:&quot;default&quot;,&quot;ignore_items_size&quot;:0,&quot;items_layout&quot;:&quot;2518&quot;,&quot;items_offset&quot;:&quot;1&quot;,&quot;load_animation&quot;:&quot;fade&quot;,&quot;overriding_link&quot;:&quot;{\\&quot;url\\&quot;:\\&quot;\\&quot;}&quot;,&quot;post_id&quot;:0,&quot;query_args&quot;:{&quot;ignore_sticky_posts&quot;:1,&quot;post_type&quot;:&quot;any&quot;,&quot;post__in&quot;:[&quot;423&quot;,&quot;1040&quot;,&quot;1047&quot;,&quot;878&quot;],&quot;posts_per_page&quot;:&quot;4&quot;},&quot;orderby_query_args&quot;:{&quot;orderby&quot;:{&quot;date&quot;:&quot;DESC&quot;}},&quot;type&quot;:&quot;grid&quot;,&quot;us_grid_post_type&quot;:&quot;ids&quot;,&quot;us_grid_ajax_index&quot;:1,&quot;us_grid_filter_query_string&quot;:null,&quot;us_grid_index&quot;:1,&quot;page_args&quot;:[],&quot;lang&quot;:&quot;es&quot;}}'><\/div>\r\n\t<\/div><div class=\"w-separator size_medium\"><\/div>[vc_custom_heading text=\u00bbDemencia senil y ozonoterapia\u00bb font_container=\u00bbtag:h4|text_align:left\u00bb use_theme_fonts=\u00bbyes\u00bb el_id=\u00bbterapia-ozo-demencia-senil\u00bb]<div class=\"wpb_text_column\"><div class=\"wpb_wrapper\"><p>El tratamiento de ozono se demostr\u00f3 no s\u00f3lo efectivos en las demencias de tipo vascular, como era de prever, sino tambi\u00e9n en el Alzheimer, sin que hubieran sensibles diferencias entre los dos tipos, excepto tal vez en la capacidad de autoadministrarse -se la medicaci\u00f3n, en la que mejoraron m\u00e1s las degenerativas, seguramente debido al hecho de que las vasculares soliendo llevar asociados d\u00e9ficits motores localizados que aumentan el grado de incapacidad de estos enfermos.<\/p>\n<\/div><\/div><div class=\"w-grid us_grid type_grid layout_2518 cols_2 preload_style_spinner with_css_animation\" id=\"us_grid_2\" style=\"--columns:2;--gap:.5rem;\"><style>@media (max-width:600px){#us_grid_2{--columns:1!important}}<\/style><div class=\"w-grid-list\">\t<article class=\"w-grid-item us_animate_fade size_1x1 post-4201 post type-post status-publish format-standard has-post-thumbnail hentry category-medicina-es tag-terapia-de-ozono\" data-id=\"4201\" style=\"animation-delay:0s\">\r\n\t\t<div class=\"w-grid-item-h\">\r\n\t\t\t\t\t\t<div class=\"w-vwrapper usg_vwrapper_1 align_left valign_top\"><div class=\"w-post-elm post_taxonomy usg_post_taxonomy_1 style_simple color_link_inherit\"><a class=\"term-2 term-medicina-es\" href=\"https:\/\/masgrau.net\/es\/category\/medicina-es\/\">Medicina<\/a><\/div><h5 class=\"w-post-elm post_title usg_post_title_1 entry-title color_link_inherit\"><a href=\"https:\/\/masgrau.net\/es\/el-tractament-dozo-en-la-demencia-senil\/\">El tractament d&#8217;oz\u00f3 en la dem\u00e8ncia senil<\/a><\/h5><div class=\"w-hwrapper usg_hwrapper_1 align_justify valign_middle\"><div class=\"w-post-elm post_image usg_post_image_1 as_circle has_height has_ratio\"><a href=\"https:\/\/masgrau.net\/es\/el-tractament-dozo-en-la-demencia-senil\/\" aria-label=\"El tractament d&#8217;oz\u00f3 en la dem\u00e8ncia senil\"><img loading=\"lazy\" decoding=\"async\" width=\"300\" height=\"300\" src=\"https:\/\/masgrau.net\/wp-content\/uploads\/2013\/03\/closeup-support-hands_600x600-300x300.jpg\" class=\"attachment-medium size-medium wp-post-image\" alt=\"\" \/><\/a><div style=\"padding-bottom:100%\"><\/div><\/div><a class=\"w-btn us-btn-style_6 usg_btn_1 icon_atright\" href=\"https:\/\/masgrau.net\/es\/el-tractament-dozo-en-la-demencia-senil\/\"><span class=\"w-btn-label\">Lea m\u00e1s<\/span><i class=\"material-icons\">east<\/i><\/a><\/div><\/div>\t\t<\/div>\r\n\t\t\t<\/article>\r\n<\/div>\t<div class=\"w-grid-preloader\">\r\n\t\t<div class=\"g-preloader type_1\">\r\n\t\t\t<div><\/div>\r\n\t\t<\/div>\r\n\t<\/div>\r\n\t\t<div class=\"w-grid-json hidden\" onclick='return {&quot;action&quot;:&quot;us_ajax_grid&quot;,&quot;infinite_scroll&quot;:0,&quot;max_num_pages&quot;:1,&quot;pagination&quot;:&quot;none&quot;,&quot;template_vars&quot;:{&quot;columns&quot;:&quot;2&quot;,&quot;exclude_items&quot;:&quot;none&quot;,&quot;img_size&quot;:&quot;default&quot;,&quot;ignore_items_size&quot;:0,&quot;items_layout&quot;:&quot;2518&quot;,&quot;items_offset&quot;:&quot;1&quot;,&quot;load_animation&quot;:&quot;fade&quot;,&quot;overriding_link&quot;:&quot;{\\&quot;url\\&quot;:\\&quot;\\&quot;}&quot;,&quot;post_id&quot;:0,&quot;query_args&quot;:{&quot;ignore_sticky_posts&quot;:1,&quot;post_type&quot;:&quot;any&quot;,&quot;post__in&quot;:[&quot;398&quot;],&quot;posts_per_page&quot;:&quot;4&quot;},&quot;orderby_query_args&quot;:{&quot;orderby&quot;:{&quot;date&quot;:&quot;DESC&quot;}},&quot;type&quot;:&quot;grid&quot;,&quot;us_grid_post_type&quot;:&quot;ids&quot;,&quot;us_grid_ajax_index&quot;:2,&quot;us_grid_filter_query_string&quot;:null,&quot;us_grid_index&quot;:2,&quot;page_args&quot;:[],&quot;lang&quot;:&quot;es&quot;}}'><\/div>\r\n\t<\/div><\/div><\/div><\/div><\/div><\/div><\/section>\n","protected":false},"excerpt":{"rendered":"Ozone therapy for senile dementiaMar\u00eda M. Rodr\u00edguez, Silvia Men\u00e9ndez, Evis Devesa, Josue Garc\u00eda, Mayra Carrasco, Ana Carballo Y Wilfredo Diaz. A tots els pacients se\u2019ls va examinar: Examen f\u00edsic i les an\u00e0lisis que \u00e9s considerin necessaris per tal de descartar dem\u00e8ncies curables: captura de I-131, hemograma, etc.E.E.G.Tomografia excial computaritzada.Test psicom\u00e8trics: test d\u2019Hasegawa, d\u2019Hodkinson i Minimental.Entrevista,...","protected":false},"author":2,"featured_media":0,"parent":0,"menu_order":31,"comment_status":"closed","ping_status":"closed","template":"","meta":{"_acf_changed":false,"inline_featured_image":false,"footnotes":""},"class_list":["post-3955","page","type-page","status-publish","hentry"],"acf":[],"_links":{"self":[{"href":"https:\/\/masgrau.net\/es\/wp-json\/wp\/v2\/pages\/3955","targetHints":{"allow":["GET"]}}],"collection":[{"href":"https:\/\/masgrau.net\/es\/wp-json\/wp\/v2\/pages"}],"about":[{"href":"https:\/\/masgrau.net\/es\/wp-json\/wp\/v2\/types\/page"}],"author":[{"embeddable":true,"href":"https:\/\/masgrau.net\/es\/wp-json\/wp\/v2\/users\/2"}],"replies":[{"embeddable":true,"href":"https:\/\/masgrau.net\/es\/wp-json\/wp\/v2\/comments?post=3955"}],"version-history":[{"count":6,"href":"https:\/\/masgrau.net\/es\/wp-json\/wp\/v2\/pages\/3955\/revisions"}],"predecessor-version":[{"id":4285,"href":"https:\/\/masgrau.net\/es\/wp-json\/wp\/v2\/pages\/3955\/revisions\/4285"}],"wp:attachment":[{"href":"https:\/\/masgrau.net\/es\/wp-json\/wp\/v2\/media?parent=3955"}],"curies":[{"name":"wp","href":"https:\/\/api.w.org\/{rel}","templated":true}]}}