{"id":4317,"date":"2021-07-21T13:07:38","date_gmt":"2021-07-21T13:07:38","guid":{"rendered":"https:\/\/masgrau.net\/error-404\/"},"modified":"2021-07-22T15:38:18","modified_gmt":"2021-07-22T15:38:18","slug":"error-404","status":"publish","type":"page","link":"https:\/\/masgrau.net\/es\/error-404\/","title":{"rendered":"Error 404"},"content":{"rendered":"<section class=\"l-section wpb_row height_medium\"><div class=\"l-section-h i-cf\"><div class=\"g-cols vc_row via_flex valign_top type_default stacking_default\"><div class=\"vc_col-sm-12 wpb_column vc_column_container\"><div class=\"vc_column-inner\"><div class=\"wpb_wrapper\"><div class=\"w-separator size_medium\"><\/div><h1 class=\"w-post-elm post_title align_center entry-title color_link_inherit\">Error 404<\/h1><h4 class=\"w-post-elm post_custom_field us_custom_602c3f15 type_text titol-alternatiu color_link_inherit\"><span class=\"w-post-elm-value\">No se encuentra la p\u00e1gina<\/span><\/h4><div class=\"w-separator size_medium\"><\/div><div class=\"w-separator size_custom\" style=\"height:6rem\"><\/div><div class=\"g-cols wpb_row via_flex valign_bottom type_default stacking_default\"><div class=\"vc_col-sm-6 wpb_column vc_column_container\"><div class=\"vc_column-inner\"><div class=\"wpb_wrapper\"><div class=\"wpb_text_column\"><div class=\"wpb_wrapper\"><p>Pruebe volver a la <a href=\"https:\/\/masgrau.net\/es\">p\u00e1gina de inicio<\/a>, explorar categor\u00edas y etiquetas o realizar una nueva b\u00fasqueda.<\/p>\n<\/div><\/div><\/div><\/div><\/div><div class=\"vc_col-sm-2 wpb_column vc_column_container\"><div class=\"vc_column-inner\"><div class=\"wpb_wrapper\"><\/div><\/div><\/div><div class=\"vc_col-sm-4 wpb_column vc_column_container\"><div class=\"vc_column-inner\"><div class=\"wpb_wrapper\"><div class=\"w-search us-field-style_1 us_custom_fee572f8 mg-cercar layout_simple iconpos_right\" style=\"--inputs-background:transparent;--inputs-focus-background:transparent;--inputs-text-color:var(--color-content-primary);--inputs-focus-text-color:var(--color-content-primary);\"><div class=\"w-search-form\"><form class=\"w-form-row for_text\" role=\"search\" action=\"https:\/\/masgrau.net\/es\/\" method=\"get\"><div class=\"w-form-row-field\"><input type=\"text\" name=\"s\" placeholder=\"Buscar...\" aria-label=\"Buscar...\" value\/><input type=\"hidden\" name=\"lang\" value=\"es\" \/><\/div><button class=\"w-search-form-btn w-btn\" type=\"submit\" aria-label=\"Buscar\" style=\"--icon-size:1rem;color:var(--color-content-primary)!important;\"><i class=\"material-icons\">search<\/i><\/button><\/form><\/div><\/div><\/div><\/div><\/div><\/div><div class=\"w-separator size_custom with_line width_default thick_1 style_solid color_border align_center\" style=\"height:3rem\"><div class=\"w-separator-h\"><\/div><\/div><div class=\"g-cols wpb_row via_flex valign_top type_default stacking_default\"><div class=\"vc_col-sm-4 wpb_column vc_column_container\"><div class=\"vc_column-inner\"><div class=\"wpb_wrapper\">[vc_wp_categories options=\u00bbhierarchical\u00bb]<\/div><\/div><\/div><div class=\"vc_col-sm-8 wpb_column vc_column_container\"><div class=\"vc_column-inner\"><div class=\"wpb_wrapper\">[vc_wp_tagcloud taxonomy=\u00bbpost_tag\u00bb]<\/div><\/div><\/div><\/div><div class=\"w-separator size_custom\" style=\"height:6rem\"><\/div><\/div><\/div><\/div><\/div><\/div><\/section>\n","protected":false},"excerpt":{"rendered":"Error 404No se encuentra la p\u00e1ginaPruebe volver a la p\u00e1gina de inicio, explorar categor\u00edas y etiquetas o realizar una nueva b\u00fasqueda. search[vc_wp_categories options=\"hierarchical\"][vc_wp_tagcloud taxonomy=\"post_tag\"]","protected":false},"author":1,"featured_media":3142,"parent":0,"menu_order":80,"comment_status":"closed","ping_status":"closed","template":"","meta":{"_acf_changed":false,"inline_featured_image":false,"footnotes":""},"class_list":["post-4317","page","type-page","status-publish","has-post-thumbnail","hentry"],"acf":[],"_links":{"self":[{"href":"https:\/\/masgrau.net\/es\/wp-json\/wp\/v2\/pages\/4317","targetHints":{"allow":["GET"]}}],"collection":[{"href":"https:\/\/masgrau.net\/es\/wp-json\/wp\/v2\/pages"}],"about":[{"href":"https:\/\/masgrau.net\/es\/wp-json\/wp\/v2\/types\/page"}],"author":[{"embeddable":true,"href":"https:\/\/masgrau.net\/es\/wp-json\/wp\/v2\/users\/1"}],"replies":[{"embeddable":true,"href":"https:\/\/masgrau.net\/es\/wp-json\/wp\/v2\/comments?post=4317"}],"version-history":[{"count":2,"href":"https:\/\/masgrau.net\/es\/wp-json\/wp\/v2\/pages\/4317\/revisions"}],"predecessor-version":[{"id":4319,"href":"https:\/\/masgrau.net\/es\/wp-json\/wp\/v2\/pages\/4317\/revisions\/4319"}],"wp:featuredmedia":[{"embeddable":true,"href":"https:\/\/masgrau.net\/es\/wp-json\/wp\/v2\/media\/3142"}],"wp:attachment":[{"href":"https:\/\/masgrau.net\/es\/wp-json\/wp\/v2\/media?parent=4317"}],"curies":[{"name":"wp","href":"https:\/\/api.w.org\/{rel}","templated":true}]}}