{"id":56,"date":"2013-01-06T01:18:24","date_gmt":"2013-01-05T23:18:24","guid":{"rendered":"http:\/\/beta.masgrau.net\/?page_id=56"},"modified":"2021-07-27T12:45:49","modified_gmt":"2021-07-27T12:45:49","slug":"contacto","status":"publish","type":"page","link":"https:\/\/masgrau.net\/es\/contacto\/","title":{"rendered":"Contacto"},"content":{"rendered":"<section class=\"l-section wpb_row us_custom_49b6d540 height_medium full_height valign_bottom width_full\"><div class=\"l-section-h i-cf\"><div class=\"g-cols vc_row via_flex valign_top type_default stacking_default\"><div class=\"vc_col-sm-12 wpb_column vc_column_container\"><div class=\"vc_column-inner\"><div class=\"wpb_wrapper\"><div class=\"g-cols wpb_row us_custom_939d6c3b via_flex valign_top type_default stacking_default\"><div class=\"vc_col-sm-6 wpb_column vc_column_container\"><div class=\"vc_column-inner\"><div class=\"wpb_wrapper\">[vc_custom_heading text=\u00bbDirecci\u00f3n\u00bb font_container=\u00bbtag:h3|text_align:left\u00bb use_theme_fonts=\u00bbyes\u00bb css=\u00bb%7B%22default%22%3A%7B%22color%22%3A%22_footer_heading%22%7D%7D\u00bb]<div class=\"wpb_text_column\"><div class=\"wpb_wrapper\"><p>C. C\u00f2rsega 302, 2n 2a<br \/>\n08008 Barcelona<\/p>\n<\/div><\/div>[vc_custom_heading text=\u00bbC\u00f3mo llegar\u00bb font_container=\u00bbtag:h3|text_align:left\u00bb use_theme_fonts=\u00bbyes\u00bb css=\u00bb%7B%22default%22%3A%7B%22color%22%3A%22_footer_heading%22%2C%22padding-top%22%3A%22.5rem%22%7D%7D\u00bb]<div class=\"wpb_text_column\"><div class=\"wpb_wrapper\"><p>Metro: L3 \u2013 L5 Diagonal<br \/>\nFGC: Estaci\u00f3n Provenza<br \/>\nBus: 6, 7, 15, 16, 17, 22 , 24, 28, 33, 34<\/p>\n<\/div><\/div><div class=\"w-btn-wrapper align_none\"><a class=\"w-btn us-btn-style_1 us_custom_0b455093 icon_atright\" title=\"Google Maps\" target=\"_blank\" rel=\"nofollow noopener\" href=\"https:\/\/goo.gl\/maps\/cB5mkDxo7oosueob9\"><span class=\"w-btn-label\">Vea el mapa<\/span><i class=\"material-icons\">north_east<\/i><\/a><\/div><\/div><\/div><\/div><div class=\"vc_col-sm-6 wpb_column vc_column_container\"><div class=\"vc_column-inner\"><div class=\"wpb_wrapper\">[vc_custom_heading text=\u00bbCont\u00e1ctenos\u00bb font_container=\u00bbtag:h3|text_align:left\u00bb use_theme_fonts=\u00bbyes\u00bb css=\u00bb%7B%22default%22%3A%7B%22color%22%3A%22_footer_heading%22%7D%7D\u00bb]<div class=\"w-hwrapper valign_top wrap align_justify\" style=\"--hwrapper-gap:1.2rem\"><div class=\"wpb_text_column\"><div class=\"wpb_wrapper\"><p>T. 93 415 75 00<br \/>\nF. 93 415 07 68<\/p>\n<\/div><\/div><div class=\"w-btn-wrapper align_none\"><a class=\"w-btn us-btn-style_4 us_custom_0b455093\" title=\"Pida cita\" target=\"_blank\" rel=\"nofollow noopener\" href=\"https:\/\/reserva-cita-dr-masgrau.as.me\/\"><span class=\"w-btn-label\">Pida cita en l\u00ednea<\/span><\/a><\/div><\/div><div class=\"w-separator size_custom\" style=\"height:.5rem\"><\/div><div class=\"wpb_text_column us_custom_bdf8a542\"><div class=\"wpb_wrapper\"><p>Si bien procuramos contestar todas las consultas enviadas por correo electr\u00f3nico, es posible que la respuesta tarde unos d\u00edas. Para consultas urgentes, por favor llame al 93 415 75 00.<\/p>\n<\/div><\/div><form class=\"w-form  us-field-style_1 mg-contact-form layout_ver show_message_after_sending for_cform us_form_1\" action=\"https:\/\/masgrau.net\/es\/wp-json\/wp\/v2\/pages\/56\" method=\"post\" style=\"--fields-gap:1.5rem\"><div class=\"w-form-h\"><div class=\"w-form-row for_text required cols_2\">\r\n\t\t<div class=\"w-form-row-field\">\r\n\t\t\t\t\t\t<input aria-label=\"Nombre\" type=\"text\" name=\"us_form_1_text_1\" value placeholder=\"Nombre *\" data-required=\"true\" aria-required=\"true\"\/>\r\n\t\t\t<\/div>\r\n\t\t<div class=\"w-form-row-state\">Rellena este campo<\/div>\r\n<\/div>\r\n<div class=\"w-form-row for_email required cols_2\">\r\n\t\t<div class=\"w-form-row-field\">\r\n\t\t\t\t\t\t<input aria-label=\"Correo electr\u00f3nico\" type=\"email\" name=\"us_form_1_email_1\" value placeholder=\"Correo electr\u00f3nico *\" data-required=\"true\" aria-required=\"true\"\/>\r\n\t\t\t<\/div>\r\n\t\t<div class=\"w-form-row-state\">Por favor, introduce una direcci\u00f3n de correo electr\u00f3nico v\u00e1lida.<\/div>\r\n<\/div>\r\n<div class=\"w-form-row for_textarea required\">\r\n\t\t<div class=\"w-form-row-field\">\r\n\t\t\t\t\t\t<textarea aria-label=\"Mensaje\" name=\"us_form_1_textarea_1\" placeholder=\"Mensaje *\" data-required=\"true\" aria-required=\"true\"><\/textarea>\r\n\t\t\t<\/div>\r\n\t\t<div class=\"w-form-row-state\">Rellena este campo<\/div>\r\n<\/div>\r\n<input type=\"hidden\" name=\"action\" value=\"us_ajax_cform\" \/>\r\n<input type=\"hidden\" name=\"post_id\" value=\"0\" \/>\r\n<input type=\"hidden\" name=\"form_index\" value=\"1\" \/>\r\n<div class=\"w-form-row for_submit align_none\"><button class=\"w-btn us-btn-style_1\" style=\"font-size:.8rem;\" type=\"submit\" aria-label=\"Enviar\"><span class=\"g-preloader type_1\"><\/span><span class=\"w-btn-label\">Enviar<\/span><\/button><\/div><\/div><div class=\"w-form-message\"><\/div><div class=\"w-form-json hidden\" onclick='return {&quot;ajaxurl&quot;:&quot;https:\\\/\\\/masgrau.net\\\/wp-admin\\\/admin-ajax.php&quot;,&quot;messages&quot;:{&quot;err_empty&quot;:&quot;Rellena este campo&quot;,&quot;err_size&quot;:&quot;El tama\\u00f1o del archivo no puede exceder %s MB&quot;,&quot;err_extension&quot;:&quot;El tipo de archivo %s no est\\u00e1 permitido&quot;,&quot;err_recaptcha_keys&quot;:&quot;Las claves de reCAPTCHA son incorrectas&quot;}}'><\/div><\/form><div class=\"w-separator size_custom\" style=\"height:.5rem\"><\/div><\/div><\/div><\/div><\/div><div class=\"g-cols wpb_row us_custom_939d6c3b via_flex valign_top type_default stacking_default\"><div class=\"vc_col-sm-12 wpb_column vc_column_container\"><div class=\"vc_column-inner\"><div class=\"wpb_wrapper\"><div class=\"w-separator size_custom with_line width_default thick_1 style_solid color_border align_center\" style=\"height:1rem\"><div class=\"w-separator-h\"><\/div><\/div><div class=\"w-hwrapper valign_top wrap align_justify\" style=\"--hwrapper-gap:1.2rem\"><div class=\"wpb_text_column us_custom_ba698dea mg-peu-pagina\"><div class=\"wpb_wrapper\"><p>Tambi\u00e9n estamos en <strong><a href=\"https:\/\/www.facebook.com\/drmasgrau\" target=\"_blank\" rel=\"noopener\">Facebook<\/a><\/strong><\/p>\n<\/div><\/div><div class=\"wpb_text_column us_custom_0dad5b2b mg-peu-pagina\"><div class=\"wpb_wrapper\"><p><a href=\"https:\/\/masgrau.net\/es\/aviso-legal\/\">Aviso legal<\/a> | <a href=\"https:\/\/masgrau.net\/es\/politica-de-privacidad\/\">Pol\u00edtica de privacidad<\/a> | <a href=\"https:\/\/masgrau.net\/es\/politica-de-cookies\/\">Pol\u00edtica de cookies<\/a><\/p>\n<\/div><\/div><\/div><\/div><\/div><\/div><\/div><\/div><\/div><\/div><\/div><\/div><\/section>\n","protected":false},"excerpt":{"rendered":"[vc_custom_heading text=\"Direcci\u00f3n\" font_container=\"tag:h3|text_align:left\" use_theme_fonts=\"yes\" css=\"%7B%22default%22%3A%7B%22color%22%3A%22_footer_heading%22%7D%7D\"]C. C\u00f2rsega 302, 2n 2a 08008 Barcelona [vc_custom_heading text=\"C\u00f3mo llegar\" font_container=\"tag:h3|text_align:left\" use_theme_fonts=\"yes\" css=\"%7B%22default%22%3A%7B%22color%22%3A%22_footer_heading%22%2C%22padding-top%22%3A%22.5rem%22%7D%7D\"]Metro: L3 \u2013 L5 Diagonal FGC: Estaci\u00f3n Provenza Bus: 6, 7, 15, 16, 17, 22 , 24, 28, 33, 34 Vea el mapanorth_east[vc_custom_heading text=\"Cont\u00e1ctenos\" font_container=\"tag:h3|text_align:left\" use_theme_fonts=\"yes\" css=\"%7B%22default%22%3A%7B%22color%22%3A%22_footer_heading%22%7D%7D\"]T. 93 415 75 00 F. 93 415 07 68 Pida cita en...","protected":false},"author":1,"featured_media":0,"parent":0,"menu_order":60,"comment_status":"closed","ping_status":"closed","template":"","meta":{"_acf_changed":false,"inline_featured_image":false,"footnotes":""},"class_list":["post-56","page","type-page","status-publish","hentry"],"acf":[],"_links":{"self":[{"href":"https:\/\/masgrau.net\/es\/wp-json\/wp\/v2\/pages\/56","targetHints":{"allow":["GET"]}}],"collection":[{"href":"https:\/\/masgrau.net\/es\/wp-json\/wp\/v2\/pages"}],"about":[{"href":"https:\/\/masgrau.net\/es\/wp-json\/wp\/v2\/types\/page"}],"author":[{"embeddable":true,"href":"https:\/\/masgrau.net\/es\/wp-json\/wp\/v2\/users\/1"}],"replies":[{"embeddable":true,"href":"https:\/\/masgrau.net\/es\/wp-json\/wp\/v2\/comments?post=56"}],"version-history":[{"count":65,"href":"https:\/\/masgrau.net\/es\/wp-json\/wp\/v2\/pages\/56\/revisions"}],"predecessor-version":[{"id":4380,"href":"https:\/\/masgrau.net\/es\/wp-json\/wp\/v2\/pages\/56\/revisions\/4380"}],"wp:attachment":[{"href":"https:\/\/masgrau.net\/es\/wp-json\/wp\/v2\/media?parent=56"}],"curies":[{"name":"wp","href":"https:\/\/api.w.org\/{rel}","templated":true}]}}