{"id":6,"date":"2013-01-06T00:49:02","date_gmt":"2013-01-05T22:49:02","guid":{"rendered":"http:\/\/beta.masgrau.net\/?page_id=6"},"modified":"2021-07-06T16:11:42","modified_gmt":"2021-07-06T16:11:42","slug":"home-2","status":"publish","type":"page","link":"https:\/\/masgrau.net\/es\/","title":{"rendered":"Acupuntura y ozonoterapia"},"content":{"rendered":"<section class=\"l-section wpb_row height_medium full_height valign_bottom\"><div class=\"l-section-h i-cf\"><div class=\"g-cols vc_row via_flex valign_top type_default stacking_default\"><div class=\"vc_col-sm-12 wpb_column vc_column_container\"><div class=\"vc_column-inner\"><div class=\"wpb_wrapper\"><div class=\"g-cols wpb_row via_flex valign_top type_default reversed stacking_default\"><div class=\"vc_col-sm-4 vc_hidden-sm vc_hidden-xs wpb_column vc_column_container\"><div class=\"vc_column-inner\"><div class=\"wpb_wrapper\"><div class=\"w-image mg-imagen align_center us_animate_afl\"><div class=\"w-image-h\"><img decoding=\"async\" width=\"768\" height=\"1024\" src=\"https:\/\/masgrau.net\/wp-content\/uploads\/2021\/06\/Qigong_exercise_to_treat_involuntary_seminal_emission_Wellcome_1200x1600-768x1024.jpg\" class=\"attachment-large size-large\" alt=\"\" loading=\"lazy\" srcset=\"https:\/\/masgrau.net\/wp-content\/uploads\/2021\/06\/Qigong_exercise_to_treat_involuntary_seminal_emission_Wellcome_1200x1600-768x1024.jpg 768w, https:\/\/masgrau.net\/wp-content\/uploads\/2021\/06\/Qigong_exercise_to_treat_involuntary_seminal_emission_Wellcome_1200x1600-225x300.jpg 225w, https:\/\/masgrau.net\/wp-content\/uploads\/2021\/06\/Qigong_exercise_to_treat_involuntary_seminal_emission_Wellcome_1200x1600-450x600.jpg 450w, https:\/\/masgrau.net\/wp-content\/uploads\/2021\/06\/Qigong_exercise_to_treat_involuntary_seminal_emission_Wellcome_1200x1600.jpg 1200w\" sizes=\"auto, (max-width: 768px) 100vw, 768px\" \/><\/div><\/div><\/div><\/div><\/div><div class=\"vc_col-sm-8 wpb_column vc_column_container\"><div class=\"vc_column-inner\"><div class=\"wpb_wrapper\"><div class=\"w-separator size_medium\"><\/div>[vc_custom_heading text=\u00bbDamos prioridad a los tratamientos inocuos para ayudar a la naturaleza del paciente a sobreponerse a la enfermedad.\u00bb font_container=\u00bbtag:h3|text_align:left\u00bb use_theme_fonts=\u00bbyes\u00bb css=\u00bb%7B%22default%22%3A%7B%22max-width%22%3A%22700px%22%7D%7D\u00bb]<div class=\"w-separator size_medium\"><\/div><div class=\"w-image us_custom_65c4bd31 align_center us_animate_afb\"><div class=\"w-image-h\"><img decoding=\"async\" width=\"600\" height=\"400\" src=\"https:\/\/masgrau.net\/wp-content\/uploads\/2021\/07\/1200px-Edwin_Smith_Papyrus_v2_600x400.png\" class=\"attachment-us_600_600 size-us_600_600\" alt=\"\" loading=\"lazy\" srcset=\"https:\/\/masgrau.net\/wp-content\/uploads\/2021\/07\/1200px-Edwin_Smith_Papyrus_v2_600x400.png 600w, https:\/\/masgrau.net\/wp-content\/uploads\/2021\/07\/1200px-Edwin_Smith_Papyrus_v2_600x400-300x200.png 300w\" sizes=\"auto, (max-width: 600px) 100vw, 600px\" \/><\/div><\/div><\/div><\/div><\/div><\/div><\/div><\/div><\/div><\/div><\/div><\/section><section class=\"l-section wpb_row height_medium\"><div class=\"l-section-h i-cf\"><div class=\"g-cols vc_row via_flex valign_top type_default stacking_default\"><div class=\"vc_col-sm-12 wpb_column vc_column_container\"><div class=\"vc_column-inner\"><div class=\"wpb_wrapper\"><div class=\"g-cols wpb_row via_flex valign_top type_default stacking_default\"><div class=\"vc_col-sm-8 wpb_column vc_column_container\"><div class=\"vc_column-inner\"><div class=\"wpb_wrapper\"><div class=\"wpb_text_column\"><div class=\"wpb_wrapper\"><p>Los avances en cirug\u00eda, y la industria qu\u00edmico-farmac\u00e9utica y de tecnolog\u00eda m\u00e9dica han relegado a un segundo plano las medicinas tradicionales, incluso en los \u00e1mbitos en que han demostrado su eficacia desde hace siglos<\/p>\n<p>Y siguen demostr\u00e1ndola hoy.<\/p>\n<\/div><\/div><\/div><\/div><\/div><div class=\"vc_col-sm-4 wpb_column vc_column_container\"><div class=\"vc_column-inner\"><div class=\"wpb_wrapper\"><\/div><\/div><\/div><\/div><div class=\"w-separator size_medium\"><\/div>[vc_custom_heading text=\u00bbTratamientos\u00bb font_container=\u00bbtag:h1|text_align:center\u00bb use_theme_fonts=\u00bbyes\u00bb]<div class=\"w-separator size_small\"><\/div><div class=\"g-cols wpb_row via_flex valign_top type_default stacking_default\"><div class=\"vc_col-sm-6 wpb_column vc_column_container us_animate_afl\"><div class=\"vc_column-inner\"><div class=\"wpb_wrapper\"><div class=\"w-grid us_grid type_grid layout_2580 cols_1 preload_style_spinner ratio_3x2\" id=\"us_grid_1\" style=\"--columns:1;--item-ratio:0.66667;\"><style>.layout_2580 .w-grid-item-h{}.layout_2580 .usg_post_image_1{transition-duration:0.3s;transform-origin:50% 50%;transform:scale(1) translate(0%,0%);opacity:0.85}.layout_2580 .w-grid-item-h:focus-within .usg_post_image_1,.layout_2580 .w-grid-item-h:hover .usg_post_image_1{transform:scale(1) translate(0%,0%);opacity:0.85}.layout_2580 .usg_post_custom_field_1{position:absolute!important;top:45%!important;bottom:45%!important}<\/style><div class=\"w-grid-list\">\t<article class=\"w-grid-item size_1x1 post-3628 page type-page status-publish has-post-thumbnail hentry\" data-id=\"3628\">\r\n\t\t<div class=\"w-grid-item-h\">\r\n\t\t\t\t\t\t<div class=\"w-post-elm post_image usg_post_image_1 mg-imagen has_ratio\"><a href=\"https:\/\/masgrau.net\/es\/acupuntura-agujas-que-en-vez-de-hacer-dano-hacen-bien\/\" aria-label=\"Acupuntura, agujas que en vez de hacer da\u00f1o, hacen bien\"><img loading=\"lazy\" decoding=\"async\" width=\"1024\" height=\"683\" src=\"https:\/\/masgrau.net\/wp-content\/uploads\/2021\/06\/Acupuncture_chart_with_a_series_of_points_indicated_on_the_Wellcome_1200x800-1024x683.jpg\" class=\"attachment-large size-large wp-post-image\" alt=\"\" \/><\/a><div style=\"padding-bottom:66.6667%\"><\/div><\/div><h2 class=\"w-post-elm post_custom_field usg_post_custom_field_1 mg-tractaments-inici type_text titol-alternatiu color_link_inherit\"><a href=\"https:\/\/masgrau.net\/es\/acupuntura-agujas-que-en-vez-de-hacer-dano-hacen-bien\/\"><span class=\"w-post-elm-value\">Medicina oriental<\/span><\/a><\/h2>\t\t<\/div>\r\n\t\t\t<\/article>\r\n<\/div>\t<div class=\"w-grid-preloader\">\r\n\t\t<div class=\"g-preloader type_1\">\r\n\t\t\t<div><\/div>\r\n\t\t<\/div>\r\n\t<\/div>\r\n\t\t<div class=\"w-grid-json hidden\" onclick='return {&quot;action&quot;:&quot;us_ajax_grid&quot;,&quot;infinite_scroll&quot;:0,&quot;max_num_pages&quot;:1,&quot;pagination&quot;:&quot;none&quot;,&quot;template_vars&quot;:{&quot;columns&quot;:&quot;1&quot;,&quot;exclude_items&quot;:&quot;none&quot;,&quot;img_size&quot;:&quot;default&quot;,&quot;ignore_items_size&quot;:0,&quot;items_layout&quot;:&quot;2580&quot;,&quot;items_offset&quot;:&quot;1&quot;,&quot;load_animation&quot;:&quot;none&quot;,&quot;overriding_link&quot;:&quot;{\\&quot;url\\&quot;:\\&quot;\\&quot;}&quot;,&quot;post_id&quot;:0,&quot;query_args&quot;:{&quot;ignore_sticky_posts&quot;:1,&quot;post_type&quot;:&quot;any&quot;,&quot;post__in&quot;:[&quot;2524&quot;],&quot;posts_per_page&quot;:&quot;1&quot;},&quot;orderby_query_args&quot;:{&quot;orderby&quot;:{&quot;date&quot;:&quot;DESC&quot;}},&quot;type&quot;:&quot;grid&quot;,&quot;us_grid_post_type&quot;:&quot;ids&quot;,&quot;us_grid_ajax_index&quot;:1,&quot;us_grid_filter_query_string&quot;:null,&quot;us_grid_index&quot;:1,&quot;page_args&quot;:[],&quot;lang&quot;:&quot;es&quot;}}'><\/div>\r\n\t<\/div>[vc_wp_custommenu nav_menu=\u00bb133&#8243; el_class=\u00bbmg-menu-tractaments-home\u00bb]<div class=\"w-separator size_small\"><\/div><\/div><\/div><\/div><div class=\"vc_col-sm-6 wpb_column vc_column_container us_animate_afr\"><div class=\"vc_column-inner\"><div class=\"wpb_wrapper\"><div class=\"w-grid us_grid type_grid layout_2580 cols_1 preload_style_spinner ratio_3x2\" id=\"us_grid_2\" style=\"--columns:1;--item-ratio:0.66667;\"><div class=\"w-grid-list\">\t<article class=\"w-grid-item size_1x1 post-3857 page type-page status-publish has-post-thumbnail hentry\" data-id=\"3857\">\r\n\t\t<div class=\"w-grid-item-h\">\r\n\t\t\t\t\t\t<div class=\"w-post-elm post_image usg_post_image_1 mg-imagen has_ratio\"><a href=\"https:\/\/masgrau.net\/es\/el-oxigeno-activado\/\" aria-label=\"El ox\u00edgeno activado\"><img loading=\"lazy\" decoding=\"async\" width=\"1024\" height=\"576\" src=\"https:\/\/masgrau.net\/wp-content\/uploads\/2021\/04\/water-droplets_2560x1440-1024x576.jpg\" class=\"attachment-large size-large wp-post-image\" alt=\"\" \/><\/a><div style=\"padding-bottom:66.6667%\"><\/div><\/div><h2 class=\"w-post-elm post_custom_field usg_post_custom_field_1 mg-tractaments-inici type_text titol-alternatiu color_link_inherit\"><a href=\"https:\/\/masgrau.net\/es\/el-oxigeno-activado\/\"><span class=\"w-post-elm-value\">Terapia de ozono<\/span><\/a><\/h2>\t\t<\/div>\r\n\t\t\t<\/article>\r\n<\/div>\t<div class=\"w-grid-preloader\">\r\n\t\t<div class=\"g-preloader type_1\">\r\n\t\t\t<div><\/div>\r\n\t\t<\/div>\r\n\t<\/div>\r\n\t\t<div class=\"w-grid-json hidden\" onclick='return {&quot;action&quot;:&quot;us_ajax_grid&quot;,&quot;infinite_scroll&quot;:0,&quot;max_num_pages&quot;:1,&quot;pagination&quot;:&quot;none&quot;,&quot;template_vars&quot;:{&quot;columns&quot;:&quot;1&quot;,&quot;exclude_items&quot;:&quot;none&quot;,&quot;img_size&quot;:&quot;default&quot;,&quot;ignore_items_size&quot;:0,&quot;items_layout&quot;:&quot;2580&quot;,&quot;items_offset&quot;:&quot;1&quot;,&quot;load_animation&quot;:&quot;none&quot;,&quot;overriding_link&quot;:&quot;{\\&quot;url\\&quot;:\\&quot;\\&quot;}&quot;,&quot;post_id&quot;:0,&quot;query_args&quot;:{&quot;ignore_sticky_posts&quot;:1,&quot;post_type&quot;:&quot;any&quot;,&quot;post__in&quot;:[&quot;2597&quot;],&quot;posts_per_page&quot;:&quot;1&quot;},&quot;orderby_query_args&quot;:{&quot;orderby&quot;:{&quot;date&quot;:&quot;DESC&quot;}},&quot;type&quot;:&quot;grid&quot;,&quot;us_grid_post_type&quot;:&quot;ids&quot;,&quot;us_grid_ajax_index&quot;:2,&quot;us_grid_filter_query_string&quot;:null,&quot;us_grid_index&quot;:2,&quot;page_args&quot;:[],&quot;lang&quot;:&quot;es&quot;}}'><\/div>\r\n\t<\/div>[vc_wp_custommenu nav_menu=\u00bb134&#8243; el_class=\u00bbmg-menu-tractaments-home\u00bb]<div class=\"w-separator size_small\"><\/div><\/div><\/div><\/div><\/div><\/div><\/div><\/div><\/div><\/div><\/section><section class=\"l-section wpb_row height_medium\"><div class=\"l-section-h i-cf\"><div class=\"g-cols vc_row via_flex valign_top type_default stacking_default\"><div class=\"vc_col-sm-12 wpb_column vc_column_container\"><div class=\"vc_column-inner\"><div class=\"wpb_wrapper\">[vc_custom_heading text=\u00bbLa salud en tus manos\u00bb font_container=\u00bbtag:h1|text_align:center\u00bb use_theme_fonts=\u00bbyes\u00bb]<div class=\"g-cols wpb_row us_custom_0f35a564 via_flex valign_top type_default stacking_default\"><div class=\"vc_col-sm-12 wpb_column vc_column_container\"><div class=\"vc_column-inner\"><div class=\"wpb_wrapper\"><div class=\"wpb_text_column\"><div class=\"wpb_wrapper\"><p>La salud es uno de los bienes m\u00e1s preciados y, contrariamente a la idea que predomina hoy, cada uno tiene la clave para superar su carencia, la enfermedad.<br \/>\nEn este espacio se ofrecen algunos remedios sencillos, pero sobre todo elementos de reflexi\u00f3n para que todos puedan cuidar de su propia salud.<\/p>\n<\/div><\/div><\/div><\/div><\/div><\/div><div class=\"w-separator size_custom\" style=\"height:1rem\"><\/div><div class=\"w-search us-field-style_1 us_custom_65c4bd31 layout_simple iconpos_right\"><div class=\"w-search-form\"><form class=\"w-form-row for_text\" role=\"search\" action=\"https:\/\/masgrau.net\/es\/\" method=\"get\"><div class=\"w-form-row-field\"><input type=\"text\" name=\"s\" placeholder=\"Cerca...\" aria-label=\"Cerca...\" value\/><input type=\"hidden\" name=\"lang\" value=\"es\" \/><\/div><button class=\"w-search-form-btn w-btn\" type=\"submit\" aria-label=\"Buscar\" style=\"--icon-size:22px;\"><i class=\"material-icons\">search<\/i><\/button><\/form><\/div><\/div><div class=\"w-separator size_medium\"><\/div><div class=\"g-cols wpb_row via_flex valign_top type_default stacking_default\"><div class=\"vc_col-sm-8 wpb_column vc_column_container\"><div class=\"vc_column-inner\"><div class=\"wpb_wrapper\"><div class=\"w-image mg-imagen align_none us_animate_afl\"><div class=\"w-image-h\"><img decoding=\"async\" width=\"1280\" height=\"960\" src=\"https:\/\/masgrau.net\/wp-content\/uploads\/2021\/07\/Watercolour_Chinese_doctor_feeling_the_pulse_of_a_patient_1280x960.jpg\" class=\"attachment-full size-full\" alt=\"\" loading=\"lazy\" srcset=\"https:\/\/masgrau.net\/wp-content\/uploads\/2021\/07\/Watercolour_Chinese_doctor_feeling_the_pulse_of_a_patient_1280x960.jpg 1280w, https:\/\/masgrau.net\/wp-content\/uploads\/2021\/07\/Watercolour_Chinese_doctor_feeling_the_pulse_of_a_patient_1280x960-300x225.jpg 300w, https:\/\/masgrau.net\/wp-content\/uploads\/2021\/07\/Watercolour_Chinese_doctor_feeling_the_pulse_of_a_patient_1280x960-1024x768.jpg 1024w, https:\/\/masgrau.net\/wp-content\/uploads\/2021\/07\/Watercolour_Chinese_doctor_feeling_the_pulse_of_a_patient_1280x960-600x450.jpg 600w\" sizes=\"auto, (max-width: 1280px) 100vw, 1280px\" \/><\/div><\/div><\/div><\/div><\/div><div class=\"vc_col-sm-4 wpb_column vc_column_container\"><div class=\"vc_column-inner\"><div class=\"wpb_wrapper\"><\/div><\/div><\/div><\/div><div class=\"g-cols wpb_row us_custom_807193a9 via_flex valign_top type_default stacking_default\"><div class=\"vc_col-sm-6 wpb_column vc_column_container\"><div class=\"vc_column-inner\"><div class=\"wpb_wrapper\"><\/div><\/div><\/div><div class=\"vc_col-sm-6 wpb_column vc_column_container has_bg_color us_animate_afr\"><div class=\"vc_column-inner us_custom_1f80ef9b\"><div class=\"wpb_wrapper\">[vc_wp_custommenu nav_menu=\u00bb137&#8243; el_class=\u00bbmg-menu-la-salut-home\u00bb]<\/div><\/div><\/div><\/div><div class=\"w-separator size_huge\"><\/div><\/div><\/div><\/div><\/div><\/div><\/section><section class=\"l-section wpb_row height_medium\"><div class=\"l-section-h i-cf\"><div class=\"g-cols vc_row via_flex valign_top type_default stacking_default\"><div class=\"vc_col-sm-12 wpb_column vc_column_container\"><div class=\"vc_column-inner\"><div class=\"wpb_wrapper\">[vc_custom_heading text=\u00bbMedios y divulgaci\u00f3n\u00bb font_container=\u00bbtag:h1|text_align:center\u00bb use_theme_fonts=\u00bbyes\u00bb]<div class=\"w-separator size_small\"><\/div><div class=\"w-grid us_grid type_grid layout_2628 cols_3 preload_style_spinner with_css_animation\" id=\"us_grid_3\" style=\"--columns:3;--gap:1rem;\"><style>@media (max-width:1024px){#us_grid_3{--columns:2!important}}@media (max-width:600px){#us_grid_3{--columns:1!important}}.layout_2628 .w-grid-item-h{}.layout_2628 .usg_post_title_1{color:var(--color-content-bg)!important;font-family:var(--h1-font-family)!important;max-width:320px!important;position:absolute!important;left:0!important;top:0!important;padding:1.5rem!important}<\/style><div class=\"w-grid-list\">\t<div class=\"w-grid-item type_term term-5 term-radio us_animate_afb ratio_1x1\" style=\"animation-delay:0s\">\r\n\t\t<div class=\"w-grid-item-h\">\r\n\t\t\t\t\t\t<div class=\"w-post-elm post_custom_field usg_post_custom_field_1 mg-imagen type_text imatge_categories_etiquetes color_link_inherit\"><a href=\"https:\/\/masgrau.net\/category\/radio\/\"><span class=\"w-post-elm-value\">Unsupported format<\/span><\/a><\/div><h3 class=\"w-post-elm post_title usg_post_title_1 has_text_color entry-title color_link_inherit\"><a href=\"https:\/\/masgrau.net\/category\/radio\/\">R\u00e0dio<\/a><\/h3>\t\t<\/div>\r\n\t\t\t<\/div>\r\n\t<div class=\"w-grid-item type_term term-116 term-llibres us_animate_afb ratio_1x1\" style=\"animation-delay:0.1s\">\r\n\t\t<div class=\"w-grid-item-h\">\r\n\t\t\t\t\t\t<div class=\"w-post-elm post_custom_field usg_post_custom_field_1 mg-imagen type_text imatge_categories_etiquetes color_link_inherit\"><a href=\"https:\/\/masgrau.net\/category\/llibres\/\"><span class=\"w-post-elm-value\">Unsupported format<\/span><\/a><\/div><h3 class=\"w-post-elm post_title usg_post_title_1 has_text_color entry-title color_link_inherit\"><a href=\"https:\/\/masgrau.net\/category\/llibres\/\">Llibres<\/a><\/h3>\t\t<\/div>\r\n\t\t\t<\/div>\r\n\t<div class=\"w-grid-item type_term term-114 term-anecdotari-medic us_animate_afb ratio_1x1\" style=\"animation-delay:0.2s\">\r\n\t\t<div class=\"w-grid-item-h\">\r\n\t\t\t\t\t\t<div class=\"w-post-elm post_custom_field usg_post_custom_field_1 mg-imagen type_text imatge_categories_etiquetes color_link_inherit\"><a href=\"https:\/\/masgrau.net\/category\/anecdotari-medic\/\"><span class=\"w-post-elm-value\">Unsupported format<\/span><\/a><\/div><h3 class=\"w-post-elm post_title usg_post_title_1 has_text_color entry-title color_link_inherit\"><a href=\"https:\/\/masgrau.net\/category\/anecdotari-medic\/\">Anecdotari m\u00e8dic<\/a><\/h3>\t\t<\/div>\r\n\t\t\t<\/div>\r\n<\/div>\t<div class=\"w-grid-json hidden\" onclick='return {&quot;template_vars&quot;:{&quot;lang&quot;:&quot;es&quot;}}'><\/div>\r\n\t<\/div><div class=\"w-separator size_custom\" style=\"height:6rem\"><\/div><\/div><\/div><\/div><\/div><\/div><\/section>\n","protected":false},"excerpt":{"rendered":"Nuestro gabinete est\u00e1 especializado en el tratamiento de las enfermedades con terapias altamente efectivas y sin efectos secundarios nocivos. Por ello, somos uno de los centros pioneros que, desde 1993, utiliza la ozonoterapia en nuestro pa\u00eds. En esta p\u00e1gina encontrar\u00e1n informaci\u00f3n sobre la acci\u00f3n del ozono en el organismo, as\u00ed como sobre sus aplicaciones pr\u00e1cticas....","protected":false},"author":1,"featured_media":0,"parent":0,"menu_order":10,"comment_status":"closed","ping_status":"closed","template":"","meta":{"_acf_changed":false,"inline_featured_image":false,"footnotes":""},"class_list":["post-6","page","type-page","status-publish","hentry"],"acf":[],"_links":{"self":[{"href":"https:\/\/masgrau.net\/es\/wp-json\/wp\/v2\/pages\/6","targetHints":{"allow":["GET"]}}],"collection":[{"href":"https:\/\/masgrau.net\/es\/wp-json\/wp\/v2\/pages"}],"about":[{"href":"https:\/\/masgrau.net\/es\/wp-json\/wp\/v2\/types\/page"}],"author":[{"embeddable":true,"href":"https:\/\/masgrau.net\/es\/wp-json\/wp\/v2\/users\/1"}],"replies":[{"embeddable":true,"href":"https:\/\/masgrau.net\/es\/wp-json\/wp\/v2\/comments?post=6"}],"version-history":[{"count":16,"href":"https:\/\/masgrau.net\/es\/wp-json\/wp\/v2\/pages\/6\/revisions"}],"predecessor-version":[{"id":3998,"href":"https:\/\/masgrau.net\/es\/wp-json\/wp\/v2\/pages\/6\/revisions\/3998"}],"wp:attachment":[{"href":"https:\/\/masgrau.net\/es\/wp-json\/wp\/v2\/media?parent=6"}],"curies":[{"name":"wp","href":"https:\/\/api.w.org\/{rel}","templated":true}]}}